{"id":439,"date":"2020-11-02T16:43:45","date_gmt":"2020-11-02T16:43:45","guid":{"rendered":"http:\/\/cmbass.de\/?page_id=439"},"modified":"2020-12-17T18:40:30","modified_gmt":"2020-12-17T18:40:30","slug":"testtt","status":"publish","type":"page","link":"https:\/\/www.klanghausmusikschule.de\/Home\/testtt\/","title":{"rendered":"F\u00fcr Erwachsene und Senioren"},"content":{"rendered":"\t\t<div data-elementor-type=\"wp-page\" data-elementor-id=\"439\" class=\"elementor elementor-439\" data-elementor-settings=\"[]\">\n\t\t\t\t\t\t<div class=\"elementor-inner\">\n\t\t\t\t\t\t\t<div class=\"elementor-section-wrap\">\n\t\t\t\t\t\t\t<section class=\"elementor-section elementor-top-section elementor-element elementor-element-11ed913 elementor-section-boxed elementor-section-height-default elementor-section-height-default\" data-id=\"11ed913\" data-element_type=\"section\">\n\t\t\t\t\t\t<div class=\"elementor-container elementor-column-gap-default\">\n\t\t\t\t\t\t\t<div class=\"elementor-row\">\n\t\t\t\t\t<div class=\"elementor-column elementor-col-100 elementor-top-column elementor-element elementor-element-9147f07\" data-id=\"9147f07\" data-element_type=\"column\">\n\t\t\t<div class=\"elementor-column-wrap elementor-element-populated\">\n\t\t\t\t\t\t\t<div class=\"elementor-widget-wrap\">\n\t\t\t\t\t\t<div class=\"elementor-element elementor-element-8996dd4 elementor-widget elementor-widget-spacer\" data-id=\"8996dd4\" data-element_type=\"widget\" data-widget_type=\"spacer.default\">\n\t\t\t\t<div class=\"elementor-widget-container\">\n\t\t\t\t\t<div class=\"elementor-spacer\">\n\t\t\t<div class=\"elementor-spacer-inner\"><\/div>\n\t\t<\/div>\n\t\t\t\t<\/div>\n\t\t\t\t<\/div>\n\t\t\t\t\t\t<\/div>\n\t\t\t\t\t<\/div>\n\t\t<\/div>\n\t\t\t\t\t\t\t\t<\/div>\n\t\t\t\t\t<\/div>\n\t\t<\/section>\n\t\t\t\t<section class=\"elementor-section elementor-top-section elementor-element elementor-element-1f60ef7 elementor-section-boxed elementor-section-height-default elementor-section-height-default\" data-id=\"1f60ef7\" data-element_type=\"section\">\n\t\t\t\t\t\t<div class=\"elementor-container elementor-column-gap-default\">\n\t\t\t\t\t\t\t<div class=\"elementor-row\">\n\t\t\t\t\t<div class=\"elementor-column elementor-col-100 elementor-top-column elementor-element elementor-element-65e4c68\" data-id=\"65e4c68\" data-element_type=\"column\">\n\t\t\t<div class=\"elementor-column-wrap elementor-element-populated\">\n\t\t\t\t\t\t\t<div class=\"elementor-widget-wrap\">\n\t\t\t\t\t\t<div class=\"elementor-element elementor-element-20b87c7 elementor-widget elementor-widget-text-editor\" data-id=\"20b87c7\" data-element_type=\"widget\" data-widget_type=\"text-editor.default\">\n\t\t\t\t<div class=\"elementor-widget-container\">\n\t\t\t\t\t<div class=\"elementor-text-editor elementor-clearfix\"><p>F\u00dcR ERWACHSENE UND SENIOREN<\/p><\/div>\n\t\t\t\t<\/div>\n\t\t\t\t<\/div>\n\t\t\t\t\t\t<\/div>\n\t\t\t\t\t<\/div>\n\t\t<\/div>\n\t\t\t\t\t\t\t\t<\/div>\n\t\t\t\t\t<\/div>\n\t\t<\/section>\n\t\t\t\t<section class=\"elementor-section elementor-top-section elementor-element elementor-element-8a2b331 elementor-section-boxed elementor-section-height-default elementor-section-height-default\" data-id=\"8a2b331\" data-element_type=\"section\">\n\t\t\t\t\t\t<div class=\"elementor-container elementor-column-gap-default\">\n\t\t\t\t\t\t\t<div class=\"elementor-row\">\n\t\t\t\t\t<div class=\"elementor-column elementor-col-50 elementor-top-column elementor-element elementor-element-649b9b2\" data-id=\"649b9b2\" data-element_type=\"column\">\n\t\t\t<div class=\"elementor-column-wrap\">\n\t\t\t\t\t\t\t<div class=\"elementor-widget-wrap\">\n\t\t\t\t\t\t\t\t<\/div>\n\t\t\t\t\t<\/div>\n\t\t<\/div>\n\t\t\t\t<div class=\"elementor-column elementor-col-50 elementor-top-column elementor-element elementor-element-ec9b413\" data-id=\"ec9b413\" data-element_type=\"column\">\n\t\t\t<div class=\"elementor-column-wrap\">\n\t\t\t\t\t\t\t<div class=\"elementor-widget-wrap\">\n\t\t\t\t\t\t\t\t<\/div>\n\t\t\t\t\t<\/div>\n\t\t<\/div>\n\t\t\t\t\t\t\t\t<\/div>\n\t\t\t\t\t<\/div>\n\t\t<\/section>\n\t\t\t\t<section class=\"elementor-section elementor-top-section elementor-element elementor-element-c00dfc1 elementor-section-boxed elementor-section-height-default elementor-section-height-default\" data-id=\"c00dfc1\" data-element_type=\"section\">\n\t\t\t\t\t\t<div class=\"elementor-container elementor-column-gap-default\">\n\t\t\t\t\t\t\t<div class=\"elementor-row\">\n\t\t\t\t\t<div class=\"elementor-column elementor-col-33 elementor-top-column elementor-element elementor-element-315eb10\" data-id=\"315eb10\" data-element_type=\"column\">\n\t\t\t<div class=\"elementor-column-wrap elementor-element-populated\">\n\t\t\t\t\t\t\t<div class=\"elementor-widget-wrap\">\n\t\t\t\t\t\t<div class=\"elementor-element elementor-element-23fde27 elementor-widget elementor-widget-image\" data-id=\"23fde27\" data-element_type=\"widget\" data-widget_type=\"image.default\">\n\t\t\t\t<div class=\"elementor-widget-container\">\n\t\t\t\t\t<div class=\"elementor-image\">\n\t\t\t\t\t\t\t\t\t\t<img width=\"750\" height=\"500\" src=\"https:\/\/www.klanghausmusikschule.de\/wp-content\/uploads\/2020\/10\/MG_6602.jpg\" class=\"attachment-large size-large\" alt=\"\" decoding=\"async\" loading=\"lazy\" srcset=\"https:\/\/www.klanghausmusikschule.de\/wp-content\/uploads\/2020\/10\/MG_6602.jpg 750w, https:\/\/www.klanghausmusikschule.de\/wp-content\/uploads\/2020\/10\/MG_6602-300x200.jpg 300w\" sizes=\"(max-width: 750px) 100vw, 750px\" \/>\t\t\t\t\t\t\t\t\t\t\t<\/div>\n\t\t\t\t<\/div>\n\t\t\t\t<\/div>\n\t\t\t\t\t\t<\/div>\n\t\t\t\t\t<\/div>\n\t\t<\/div>\n\t\t\t\t<div class=\"elementor-column elementor-col-33 elementor-top-column elementor-element elementor-element-9cb6003\" data-id=\"9cb6003\" data-element_type=\"column\">\n\t\t\t<div class=\"elementor-column-wrap elementor-element-populated\">\n\t\t\t\t\t\t\t<div class=\"elementor-widget-wrap\">\n\t\t\t\t\t\t<div class=\"elementor-element elementor-element-a880075 elementor-widget elementor-widget-image\" data-id=\"a880075\" data-element_type=\"widget\" data-widget_type=\"image.default\">\n\t\t\t\t<div class=\"elementor-widget-container\">\n\t\t\t\t\t<div class=\"elementor-image\">\n\t\t\t\t\t\t\t\t\t\t<img width=\"750\" height=\"500\" src=\"https:\/\/www.klanghausmusikschule.de\/wp-content\/uploads\/2020\/10\/MG_6601.jpg\" class=\"attachment-large size-large\" alt=\"\" decoding=\"async\" loading=\"lazy\" srcset=\"https:\/\/www.klanghausmusikschule.de\/wp-content\/uploads\/2020\/10\/MG_6601.jpg 750w, https:\/\/www.klanghausmusikschule.de\/wp-content\/uploads\/2020\/10\/MG_6601-300x200.jpg 300w\" sizes=\"(max-width: 750px) 100vw, 750px\" \/>\t\t\t\t\t\t\t\t\t\t\t<\/div>\n\t\t\t\t<\/div>\n\t\t\t\t<\/div>\n\t\t\t\t\t\t<\/div>\n\t\t\t\t\t<\/div>\n\t\t<\/div>\n\t\t\t\t<div class=\"elementor-column elementor-col-33 elementor-top-column elementor-element elementor-element-31d9912\" data-id=\"31d9912\" data-element_type=\"column\">\n\t\t\t<div class=\"elementor-column-wrap elementor-element-populated\">\n\t\t\t\t\t\t\t<div class=\"elementor-widget-wrap\">\n\t\t\t\t\t\t<div class=\"elementor-element elementor-element-97f1965 elementor-widget elementor-widget-image\" data-id=\"97f1965\" data-element_type=\"widget\" data-widget_type=\"image.default\">\n\t\t\t\t<div class=\"elementor-widget-container\">\n\t\t\t\t\t<div class=\"elementor-image\">\n\t\t\t\t\t\t\t\t\t\t<img width=\"750\" height=\"500\" src=\"https:\/\/www.klanghausmusikschule.de\/wp-content\/uploads\/2020\/10\/MG_6652.jpg\" class=\"attachment-large size-large\" alt=\"\" decoding=\"async\" loading=\"lazy\" srcset=\"https:\/\/www.klanghausmusikschule.de\/wp-content\/uploads\/2020\/10\/MG_6652.jpg 750w, https:\/\/www.klanghausmusikschule.de\/wp-content\/uploads\/2020\/10\/MG_6652-300x200.jpg 300w\" sizes=\"(max-width: 750px) 100vw, 750px\" \/>\t\t\t\t\t\t\t\t\t\t\t<\/div>\n\t\t\t\t<\/div>\n\t\t\t\t<\/div>\n\t\t\t\t\t\t<\/div>\n\t\t\t\t\t<\/div>\n\t\t<\/div>\n\t\t\t\t\t\t\t\t<\/div>\n\t\t\t\t\t<\/div>\n\t\t<\/section>\n\t\t\t\t<section class=\"elementor-section elementor-top-section elementor-element elementor-element-be71d93 elementor-section-height-min-height elementor-section-boxed elementor-section-height-default elementor-section-items-middle\" data-id=\"be71d93\" data-element_type=\"section\">\n\t\t\t\t\t\t<div class=\"elementor-container elementor-column-gap-default\">\n\t\t\t\t\t\t\t<div class=\"elementor-row\">\n\t\t\t\t\t<div class=\"elementor-column elementor-col-100 elementor-top-column elementor-element elementor-element-a9d53a7\" data-id=\"a9d53a7\" data-element_type=\"column\">\n\t\t\t<div class=\"elementor-column-wrap\">\n\t\t\t\t\t\t\t<div class=\"elementor-widget-wrap\">\n\t\t\t\t\t\t\t\t<\/div>\n\t\t\t\t\t<\/div>\n\t\t<\/div>\n\t\t\t\t\t\t\t\t<\/div>\n\t\t\t\t\t<\/div>\n\t\t<\/section>\n\t\t\t\t<section class=\"elementor-section elementor-top-section elementor-element elementor-element-cb310db elementor-section-boxed elementor-section-height-default elementor-section-height-default\" data-id=\"cb310db\" data-element_type=\"section\">\n\t\t\t\t\t\t<div class=\"elementor-container elementor-column-gap-default\">\n\t\t\t\t\t\t\t<div class=\"elementor-row\">\n\t\t\t\t\t<div class=\"elementor-column elementor-col-16 elementor-top-column elementor-element elementor-element-3bd4be5\" data-id=\"3bd4be5\" data-element_type=\"column\">\n\t\t\t<div class=\"elementor-column-wrap\">\n\t\t\t\t\t\t\t<div class=\"elementor-widget-wrap\">\n\t\t\t\t\t\t\t\t<\/div>\n\t\t\t\t\t<\/div>\n\t\t<\/div>\n\t\t\t\t<div class=\"elementor-column elementor-col-66 elementor-top-column elementor-element elementor-element-b0b3091\" data-id=\"b0b3091\" data-element_type=\"column\">\n\t\t\t<div class=\"elementor-column-wrap elementor-element-populated\">\n\t\t\t\t\t\t\t<div class=\"elementor-widget-wrap\">\n\t\t\t\t\t\t<div class=\"elementor-element elementor-element-44acfa6 elementor-widget elementor-widget-text-editor\" data-id=\"44acfa6\" data-element_type=\"widget\" data-widget_type=\"text-editor.default\">\n\t\t\t\t<div class=\"elementor-widget-container\">\n\t\t\t\t\t<div class=\"elementor-text-editor elementor-clearfix\"><div class=\"elementor-column elementor-col-66 elementor-top-column elementor-element elementor-element-f73809f\" data-id=\"f73809f\" data-element_type=\"column\">\n<div class=\"elementor-column-wrap elementor-element-populated\">\n<div class=\"elementor-widget-wrap\">\n<div class=\"elementor-element elementor-element-7f7052e elementor-widget elementor-widget-text-editor\" data-id=\"7f7052e\" data-element_type=\"widget\" data-widget_type=\"text-editor.default\">\n<div class=\"elementor-widget-container\">\n<div class=\"elementor-text-editor elementor-clearfix\">\n<div id=\"id4\" class=\"style_SkipStroke_2 shape-with-text\">\n<div class=\"text-content graphic_textbox_layout_style_default_External_406_31\">\n<div class=\"graphic_textbox_layout_style_default\">\n<p class=\"paragraph_style_1\"><b>Folgende F\u00e4cher\/ Instrumente stehen zur Auswahl:<\/b><\/p>\n<p class=\"paragraph_style_1\"><span style=\"font-size: 16px; color: var( --e-global-color-text ); letter-spacing: var( --e-global-typography-text-letter-spacing );\">Instrumentenkarussell (nicht nur f\u00fcr Kinder)<\/span><\/p><\/div><\/div><\/div><div id=\"id6\" class=\"style_SkipStroke_2 shape-with-text\"><div class=\"text-content graphic_textbox_layout_style_default_External_355_29\"><div class=\"graphic_textbox_layout_style_default\">\n<p class=\"paragraph_style\">\n<\/p><\/div>\n<\/div>\n<\/div>\n<div id=\"id7\" class=\"style_SkipStroke_2 shape-with-text\">\n<div class=\"text-content graphic_textbox_layout_style_default_External_423_223\">\n<div class=\"graphic_textbox_layout_style_default\">\n<p class=\"paragraph_style\"><b>Instrumentalunterricht in den F\u00e4chern:<\/b><\/p>\n<p class=\"paragraph_style\">\n<\/p><p class=\"paragraph_style\">Blockfl\u00f6te, Saxophon, Klarinette, Trompete, Querfl\u00f6te<\/p>\n<p class=\"paragraph_style\">Gitarre, Kontrabass, Violine<\/p>\n<p class=\"paragraph_style\">Bassgitarre, E-Gitarre<\/p>\n<p class=\"paragraph_style\">Ukulele<\/p>\n<p class=\"paragraph_style\">Klavier, Keyboard, Akkordeon<\/p>\n<p class=\"paragraph_style\">Schlagzeug, Percussion<\/p><p class=\"paragraph_style\">Djembe, Cajon, Congas<\/p>\n<p class=\"paragraph_style\">Gesangsunterricht<\/p>\n<p class=\"paragraph_style\">Trommelgruppe (afrikanische Trommeln, Materialpercussion)<\/p>\n<p class=\"paragraph_style\">Erwachsenenband &#8222;Klanghausband&#8220;<\/p>\n<p class=\"paragraph_style\">Musiktheorie<\/p>\n<p class=\"paragraph_style\">Musiksoftware\/Arrangieren und Komponieren<\/p>\n<p class=\"paragraph_style\">\n<\/p><\/div>\n<\/div>\n<\/div>\n<\/div>\n<\/div>\n<\/div>\n<\/div>\n<\/div>\n<\/div>\n<div class=\"elementor-column elementor-col-16 elementor-top-column elementor-element elementor-element-705df8d\" data-id=\"705df8d\" data-element_type=\"column\">\n<div class=\"elementor-column-wrap\">&nbsp;<\/div>\n<\/div><\/div>\n\t\t\t\t<\/div>\n\t\t\t\t<\/div>\n\t\t\t\t\t\t<\/div>\n\t\t\t\t\t<\/div>\n\t\t<\/div>\n\t\t\t\t<div class=\"elementor-column elementor-col-16 elementor-top-column elementor-element elementor-element-87260c3\" data-id=\"87260c3\" data-element_type=\"column\">\n\t\t\t<div class=\"elementor-column-wrap\">\n\t\t\t\t\t\t\t<div class=\"elementor-widget-wrap\">\n\t\t\t\t\t\t\t\t<\/div>\n\t\t\t\t\t<\/div>\n\t\t<\/div>\n\t\t\t\t\t\t\t\t<\/div>\n\t\t\t\t\t<\/div>\n\t\t<\/section>\n\t\t\t\t<section class=\"elementor-section elementor-top-section elementor-element elementor-element-f190485 elementor-section-boxed elementor-section-height-default elementor-section-height-default\" data-id=\"f190485\" data-element_type=\"section\">\n\t\t\t\t\t\t<div class=\"elementor-container elementor-column-gap-default\">\n\t\t\t\t\t\t\t<div class=\"elementor-row\">\n\t\t\t\t\t<div class=\"elementor-column elementor-col-33 elementor-top-column elementor-element elementor-element-fd09557\" data-id=\"fd09557\" data-element_type=\"column\">\n\t\t\t<div class=\"elementor-column-wrap elementor-element-populated\">\n\t\t\t\t\t\t\t<div class=\"elementor-widget-wrap\">\n\t\t\t\t\t\t<div class=\"elementor-element elementor-element-e77844a elementor-widget elementor-widget-image\" data-id=\"e77844a\" data-element_type=\"widget\" data-widget_type=\"image.default\">\n\t\t\t\t<div class=\"elementor-widget-container\">\n\t\t\t\t\t<div class=\"elementor-image\">\n\t\t\t\t\t\t\t\t\t\t<img width=\"219\" height=\"146\" src=\"https:\/\/www.klanghausmusikschule.de\/wp-content\/uploads\/2020\/11\/original_28.jpg\" class=\"attachment-large size-large\" alt=\"\" decoding=\"async\" loading=\"lazy\" \/>\t\t\t\t\t\t\t\t\t\t\t<\/div>\n\t\t\t\t<\/div>\n\t\t\t\t<\/div>\n\t\t\t\t\t\t<\/div>\n\t\t\t\t\t<\/div>\n\t\t<\/div>\n\t\t\t\t<div class=\"elementor-column elementor-col-33 elementor-top-column elementor-element elementor-element-a36b9a6\" data-id=\"a36b9a6\" data-element_type=\"column\">\n\t\t\t<div class=\"elementor-column-wrap elementor-element-populated\">\n\t\t\t\t\t\t\t<div class=\"elementor-widget-wrap\">\n\t\t\t\t\t\t<div class=\"elementor-element elementor-element-3169988 elementor-widget elementor-widget-image\" data-id=\"3169988\" data-element_type=\"widget\" data-widget_type=\"image.default\">\n\t\t\t\t<div class=\"elementor-widget-container\">\n\t\t\t\t\t<div class=\"elementor-image\">\n\t\t\t\t\t\t\t\t\t\t<img width=\"750\" height=\"500\" src=\"https:\/\/www.klanghausmusikschule.de\/wp-content\/uploads\/2020\/10\/MG_6595.jpg\" class=\"attachment-large size-large\" alt=\"\" decoding=\"async\" loading=\"lazy\" srcset=\"https:\/\/www.klanghausmusikschule.de\/wp-content\/uploads\/2020\/10\/MG_6595.jpg 750w, https:\/\/www.klanghausmusikschule.de\/wp-content\/uploads\/2020\/10\/MG_6595-300x200.jpg 300w\" sizes=\"(max-width: 750px) 100vw, 750px\" \/>\t\t\t\t\t\t\t\t\t\t\t<\/div>\n\t\t\t\t<\/div>\n\t\t\t\t<\/div>\n\t\t\t\t\t\t<\/div>\n\t\t\t\t\t<\/div>\n\t\t<\/div>\n\t\t\t\t<div class=\"elementor-column elementor-col-33 elementor-top-column elementor-element elementor-element-8145889\" data-id=\"8145889\" data-element_type=\"column\">\n\t\t\t<div class=\"elementor-column-wrap elementor-element-populated\">\n\t\t\t\t\t\t\t<div class=\"elementor-widget-wrap\">\n\t\t\t\t\t\t<div class=\"elementor-element elementor-element-5285b54 elementor-widget elementor-widget-image\" data-id=\"5285b54\" data-element_type=\"widget\" data-widget_type=\"image.default\">\n\t\t\t\t<div class=\"elementor-widget-container\">\n\t\t\t\t\t<div class=\"elementor-image\">\n\t\t\t\t\t\t\t\t\t\t<img width=\"750\" height=\"500\" src=\"https:\/\/www.klanghausmusikschule.de\/wp-content\/uploads\/2020\/10\/MG_6627.jpg\" class=\"attachment-large size-large\" alt=\"\" decoding=\"async\" loading=\"lazy\" srcset=\"https:\/\/www.klanghausmusikschule.de\/wp-content\/uploads\/2020\/10\/MG_6627.jpg 750w, https:\/\/www.klanghausmusikschule.de\/wp-content\/uploads\/2020\/10\/MG_6627-300x200.jpg 300w\" sizes=\"(max-width: 750px) 100vw, 750px\" \/>\t\t\t\t\t\t\t\t\t\t\t<\/div>\n\t\t\t\t<\/div>\n\t\t\t\t<\/div>\n\t\t\t\t\t\t<\/div>\n\t\t\t\t\t<\/div>\n\t\t<\/div>\n\t\t\t\t\t\t\t\t<\/div>\n\t\t\t\t\t<\/div>\n\t\t<\/section>\n\t\t\t\t<section class=\"elementor-section elementor-top-section elementor-element elementor-element-4e674c4 elementor-section-boxed elementor-section-height-default elementor-section-height-default\" data-id=\"4e674c4\" data-element_type=\"section\">\n\t\t\t\t\t\t<div class=\"elementor-container elementor-column-gap-default\">\n\t\t\t\t\t\t\t<div class=\"elementor-row\">\n\t\t\t\t\t<div class=\"elementor-column elementor-col-33 elementor-top-column elementor-element elementor-element-4202ec1 elementor-hidden-tablet elementor-hidden-phone\" data-id=\"4202ec1\" data-element_type=\"column\">\n\t\t\t<div class=\"elementor-column-wrap\">\n\t\t\t\t\t\t\t<div class=\"elementor-widget-wrap\">\n\t\t\t\t\t\t\t\t<\/div>\n\t\t\t\t\t<\/div>\n\t\t<\/div>\n\t\t\t\t<div class=\"elementor-column elementor-col-33 elementor-top-column elementor-element elementor-element-cb28847 elementor-hidden-tablet elementor-hidden-phone\" data-id=\"cb28847\" data-element_type=\"column\">\n\t\t\t<div class=\"elementor-column-wrap\">\n\t\t\t\t\t\t\t<div class=\"elementor-widget-wrap\">\n\t\t\t\t\t\t\t\t<\/div>\n\t\t\t\t\t<\/div>\n\t\t<\/div>\n\t\t\t\t<div class=\"elementor-column elementor-col-33 elementor-top-column elementor-element elementor-element-bd4dd36 elementor-hidden-tablet elementor-hidden-phone\" data-id=\"bd4dd36\" data-element_type=\"column\">\n\t\t\t<div class=\"elementor-column-wrap\">\n\t\t\t\t\t\t\t<div class=\"elementor-widget-wrap\">\n\t\t\t\t\t\t\t\t<\/div>\n\t\t\t\t\t<\/div>\n\t\t<\/div>\n\t\t\t\t\t\t\t\t<\/div>\n\t\t\t\t\t<\/div>\n\t\t<\/section>\n\t\t\t\t<section class=\"elementor-section elementor-top-section elementor-element elementor-element-d9a40b4 elementor-section-boxed elementor-section-height-default elementor-section-height-default\" data-id=\"d9a40b4\" data-element_type=\"section\">\n\t\t\t\t\t\t<div class=\"elementor-container elementor-column-gap-default\">\n\t\t\t\t\t\t\t<div class=\"elementor-row\">\n\t\t\t\t\t<div class=\"elementor-column elementor-col-100 elementor-top-column elementor-element elementor-element-cb36afa\" data-id=\"cb36afa\" data-element_type=\"column\">\n\t\t\t<div class=\"elementor-column-wrap elementor-element-populated\">\n\t\t\t\t\t\t\t<div class=\"elementor-widget-wrap\">\n\t\t\t\t\t\t<div class=\"elementor-element elementor-element-8ae7b75 elementor-widget elementor-widget-image\" data-id=\"8ae7b75\" data-element_type=\"widget\" data-widget_type=\"image.default\">\n\t\t\t\t<div class=\"elementor-widget-container\">\n\t\t\t\t\t<div class=\"elementor-image\">\n\t\t\t\t\t\t\t\t\t\t<img width=\"1024\" height=\"683\" src=\"https:\/\/www.klanghausmusikschule.de\/wp-content\/uploads\/2020\/12\/KlanghB-allesw--scaled.jpg\" class=\"attachment-large size-large\" alt=\"\" decoding=\"async\" loading=\"lazy\" srcset=\"https:\/\/www.klanghausmusikschule.de\/wp-content\/uploads\/2020\/12\/KlanghB-allesw--scaled.jpg 2560w, https:\/\/www.klanghausmusikschule.de\/wp-content\/uploads\/2020\/12\/KlanghB-allesw--300x200.jpg 300w, https:\/\/www.klanghausmusikschule.de\/wp-content\/uploads\/2020\/12\/KlanghB-allesw--768x512.jpg 768w, https:\/\/www.klanghausmusikschule.de\/wp-content\/uploads\/2020\/12\/KlanghB-allesw--2048x1365.jpg 2048w\" sizes=\"(max-width: 1024px) 100vw, 1024px\" \/>\t\t\t\t\t\t\t\t\t\t\t<\/div>\n\t\t\t\t<\/div>\n\t\t\t\t<\/div>\n\t\t\t\t\t\t<\/div>\n\t\t\t\t\t<\/div>\n\t\t<\/div>\n\t\t\t\t\t\t\t\t<\/div>\n\t\t\t\t\t<\/div>\n\t\t<\/section>\n\t\t\t\t\t\t<\/div>\n\t\t\t\t\t\t<\/div>\n\t\t\t\t\t<\/div>\n\t\t","protected":false},"excerpt":{"rendered":"<p>F\u00dcR ERWACHSENE UND SENIOREN Folgende F\u00e4cher\/ Instrumente stehen zur Auswahl: Instrumentenkarussell (nicht nur f\u00fcr Kinder) Instrumentalunterricht in den F\u00e4chern: Blockfl\u00f6te, Saxophon, Klarinette, Trompete, Querfl\u00f6te Gitarre, Kontrabass, Violine Bassgitarre, E-Gitarre Ukulele Klavier, Keyboard, Akkordeon Schlagzeug, Percussion Djembe, Cajon, Congas Gesangsunterricht Trommelgruppe (afrikanische Trommeln, Materialpercussion) Erwachsenenband &#8222;Klanghausband&#8220; Musiktheorie Musiksoftware\/Arrangieren und Komponieren &nbsp;<\/p>\n","protected":false},"author":1,"featured_media":0,"parent":0,"menu_order":0,"comment_status":"closed","ping_status":"closed","template":"","meta":[],"_links":{"self":[{"href":"https:\/\/www.klanghausmusikschule.de\/Home\/wp-json\/wp\/v2\/pages\/439"}],"collection":[{"href":"https:\/\/www.klanghausmusikschule.de\/Home\/wp-json\/wp\/v2\/pages"}],"about":[{"href":"https:\/\/www.klanghausmusikschule.de\/Home\/wp-json\/wp\/v2\/types\/page"}],"author":[{"embeddable":true,"href":"https:\/\/www.klanghausmusikschule.de\/Home\/wp-json\/wp\/v2\/users\/1"}],"replies":[{"embeddable":true,"href":"https:\/\/www.klanghausmusikschule.de\/Home\/wp-json\/wp\/v2\/comments?post=439"}],"version-history":[{"count":40,"href":"https:\/\/www.klanghausmusikschule.de\/Home\/wp-json\/wp\/v2\/pages\/439\/revisions"}],"predecessor-version":[{"id":2051,"href":"https:\/\/www.klanghausmusikschule.de\/Home\/wp-json\/wp\/v2\/pages\/439\/revisions\/2051"}],"wp:attachment":[{"href":"https:\/\/www.klanghausmusikschule.de\/Home\/wp-json\/wp\/v2\/media?parent=439"}],"curies":[{"name":"wp","href":"https:\/\/api.w.org\/{rel}","templated":true}]}}