{"id":436,"date":"2020-11-02T16:41:58","date_gmt":"2020-11-02T16:41:58","guid":{"rendered":"http:\/\/cmbass.de\/?page_id=436"},"modified":"2020-12-13T16:07:26","modified_gmt":"2020-12-13T16:07:26","slug":"oeffentlich","status":"publish","type":"page","link":"https:\/\/www.klanghausmusikschule.de\/Home\/oeffentlich\/","title":{"rendered":"F\u00fcr Kinder und Jugendliche"},"content":{"rendered":"\t\t<div data-elementor-type=\"wp-page\" data-elementor-id=\"436\" class=\"elementor elementor-436\" data-elementor-settings=\"[]\">\n\t\t\t\t\t\t<div class=\"elementor-inner\">\n\t\t\t\t\t\t\t<div class=\"elementor-section-wrap\">\n\t\t\t\t\t\t\t<section class=\"elementor-section elementor-top-section elementor-element elementor-element-7f6ab3f elementor-section-boxed elementor-section-height-default elementor-section-height-default\" data-id=\"7f6ab3f\" data-element_type=\"section\">\n\t\t\t\t\t\t<div class=\"elementor-container elementor-column-gap-default\">\n\t\t\t\t\t\t\t<div class=\"elementor-row\">\n\t\t\t\t\t<div class=\"elementor-column elementor-col-100 elementor-top-column elementor-element elementor-element-d60ab81\" data-id=\"d60ab81\" data-element_type=\"column\">\n\t\t\t<div class=\"elementor-column-wrap elementor-element-populated\">\n\t\t\t\t\t\t\t<div class=\"elementor-widget-wrap\">\n\t\t\t\t\t\t<div class=\"elementor-element elementor-element-74461b5 elementor-widget elementor-widget-spacer\" data-id=\"74461b5\" data-element_type=\"widget\" data-widget_type=\"spacer.default\">\n\t\t\t\t<div class=\"elementor-widget-container\">\n\t\t\t\t\t<div class=\"elementor-spacer\">\n\t\t\t<div class=\"elementor-spacer-inner\"><\/div>\n\t\t<\/div>\n\t\t\t\t<\/div>\n\t\t\t\t<\/div>\n\t\t\t\t\t\t<\/div>\n\t\t\t\t\t<\/div>\n\t\t<\/div>\n\t\t\t\t\t\t\t\t<\/div>\n\t\t\t\t\t<\/div>\n\t\t<\/section>\n\t\t\t\t<section class=\"elementor-section elementor-top-section elementor-element elementor-element-8d10656 elementor-section-boxed elementor-section-height-default elementor-section-height-default\" data-id=\"8d10656\" data-element_type=\"section\">\n\t\t\t\t\t\t<div class=\"elementor-container elementor-column-gap-default\">\n\t\t\t\t\t\t\t<div class=\"elementor-row\">\n\t\t\t\t\t<div class=\"elementor-column elementor-col-100 elementor-top-column elementor-element elementor-element-27e2ef0\" data-id=\"27e2ef0\" data-element_type=\"column\">\n\t\t\t<div class=\"elementor-column-wrap elementor-element-populated\">\n\t\t\t\t\t\t\t<div class=\"elementor-widget-wrap\">\n\t\t\t\t\t\t<div class=\"elementor-element elementor-element-6164b5b elementor-widget elementor-widget-text-editor\" data-id=\"6164b5b\" data-element_type=\"widget\" data-widget_type=\"text-editor.default\">\n\t\t\t\t<div class=\"elementor-widget-container\">\n\t\t\t\t\t<div class=\"elementor-text-editor elementor-clearfix\"><p>UNTERRICHTSANGEBOTE F\u00dcR KINDER UND JUGENDLICHE<\/p><\/div>\n\t\t\t\t<\/div>\n\t\t\t\t<\/div>\n\t\t\t\t\t\t<\/div>\n\t\t\t\t\t<\/div>\n\t\t<\/div>\n\t\t\t\t\t\t\t\t<\/div>\n\t\t\t\t\t<\/div>\n\t\t<\/section>\n\t\t\t\t<section class=\"elementor-section elementor-top-section elementor-element elementor-element-d6e00cd elementor-section-boxed elementor-section-height-default elementor-section-height-default\" data-id=\"d6e00cd\" data-element_type=\"section\">\n\t\t\t\t\t\t<div class=\"elementor-container elementor-column-gap-default\">\n\t\t\t\t\t\t\t<div class=\"elementor-row\">\n\t\t\t\t\t<div class=\"elementor-column elementor-col-33 elementor-top-column elementor-element elementor-element-4450d70\" data-id=\"4450d70\" data-element_type=\"column\">\n\t\t\t<div class=\"elementor-column-wrap elementor-element-populated\">\n\t\t\t\t\t\t\t<div class=\"elementor-widget-wrap\">\n\t\t\t\t\t\t<div class=\"elementor-element elementor-element-c740bcf elementor-widget elementor-widget-image\" data-id=\"c740bcf\" data-element_type=\"widget\" data-widget_type=\"image.default\">\n\t\t\t\t<div class=\"elementor-widget-container\">\n\t\t\t\t\t<div class=\"elementor-image\">\n\t\t\t\t\t\t\t\t\t\t<img width=\"1024\" height=\"684\" src=\"https:\/\/www.klanghausmusikschule.de\/wp-content\/uploads\/2020\/10\/Johannes-Rieger-1024x684.jpg\" class=\"attachment-large size-large\" alt=\"\" decoding=\"async\" loading=\"lazy\" srcset=\"https:\/\/www.klanghausmusikschule.de\/wp-content\/uploads\/2020\/10\/Johannes-Rieger-1024x684.jpg 1024w, https:\/\/www.klanghausmusikschule.de\/wp-content\/uploads\/2020\/10\/Johannes-Rieger-300x200.jpg 300w, https:\/\/www.klanghausmusikschule.de\/wp-content\/uploads\/2020\/10\/Johannes-Rieger-768x513.jpg 768w, https:\/\/www.klanghausmusikschule.de\/wp-content\/uploads\/2020\/10\/Johannes-Rieger.jpg 1200w\" sizes=\"(max-width: 1024px) 100vw, 1024px\" \/>\t\t\t\t\t\t\t\t\t\t\t<\/div>\n\t\t\t\t<\/div>\n\t\t\t\t<\/div>\n\t\t\t\t\t\t<\/div>\n\t\t\t\t\t<\/div>\n\t\t<\/div>\n\t\t\t\t<div class=\"elementor-column elementor-col-33 elementor-top-column elementor-element elementor-element-9f8482a\" data-id=\"9f8482a\" data-element_type=\"column\">\n\t\t\t<div class=\"elementor-column-wrap elementor-element-populated\">\n\t\t\t\t\t\t\t<div class=\"elementor-widget-wrap\">\n\t\t\t\t\t\t<div class=\"elementor-element elementor-element-5c44ed2 elementor-widget elementor-widget-image\" data-id=\"5c44ed2\" data-element_type=\"widget\" data-widget_type=\"image.default\">\n\t\t\t\t<div class=\"elementor-widget-container\">\n\t\t\t\t\t<div class=\"elementor-image\">\n\t\t\t\t\t\t\t\t\t\t<img width=\"750\" height=\"500\" src=\"https:\/\/www.klanghausmusikschule.de\/wp-content\/uploads\/2020\/10\/MG_6518.jpg\" class=\"attachment-large size-large\" alt=\"\" decoding=\"async\" loading=\"lazy\" srcset=\"https:\/\/www.klanghausmusikschule.de\/wp-content\/uploads\/2020\/10\/MG_6518.jpg 750w, https:\/\/www.klanghausmusikschule.de\/wp-content\/uploads\/2020\/10\/MG_6518-300x200.jpg 300w\" sizes=\"(max-width: 750px) 100vw, 750px\" \/>\t\t\t\t\t\t\t\t\t\t\t<\/div>\n\t\t\t\t<\/div>\n\t\t\t\t<\/div>\n\t\t\t\t\t\t<\/div>\n\t\t\t\t\t<\/div>\n\t\t<\/div>\n\t\t\t\t<div class=\"elementor-column elementor-col-33 elementor-top-column elementor-element elementor-element-efac313\" data-id=\"efac313\" data-element_type=\"column\">\n\t\t\t<div class=\"elementor-column-wrap elementor-element-populated\">\n\t\t\t\t\t\t\t<div class=\"elementor-widget-wrap\">\n\t\t\t\t\t\t<div class=\"elementor-element elementor-element-87f1861 elementor-widget elementor-widget-image\" data-id=\"87f1861\" data-element_type=\"widget\" data-widget_type=\"image.default\">\n\t\t\t\t<div class=\"elementor-widget-container\">\n\t\t\t\t\t<div class=\"elementor-image\">\n\t\t\t\t\t\t\t\t\t\t<img width=\"750\" height=\"500\" src=\"https:\/\/www.klanghausmusikschule.de\/wp-content\/uploads\/2020\/10\/MG_6593.jpg\" class=\"attachment-large size-large\" alt=\"\" decoding=\"async\" loading=\"lazy\" srcset=\"https:\/\/www.klanghausmusikschule.de\/wp-content\/uploads\/2020\/10\/MG_6593.jpg 750w, https:\/\/www.klanghausmusikschule.de\/wp-content\/uploads\/2020\/10\/MG_6593-300x200.jpg 300w\" sizes=\"(max-width: 750px) 100vw, 750px\" \/>\t\t\t\t\t\t\t\t\t\t\t<\/div>\n\t\t\t\t<\/div>\n\t\t\t\t<\/div>\n\t\t\t\t\t\t<\/div>\n\t\t\t\t\t<\/div>\n\t\t<\/div>\n\t\t\t\t\t\t\t\t<\/div>\n\t\t\t\t\t<\/div>\n\t\t<\/section>\n\t\t\t\t<section class=\"elementor-section elementor-top-section elementor-element elementor-element-d6c7f0e elementor-section-boxed elementor-section-height-default elementor-section-height-default\" data-id=\"d6c7f0e\" data-element_type=\"section\">\n\t\t\t\t\t\t<div class=\"elementor-container elementor-column-gap-default\">\n\t\t\t\t\t\t\t<div class=\"elementor-row\">\n\t\t\t\t\t<div class=\"elementor-column elementor-col-100 elementor-top-column elementor-element elementor-element-22f70c3\" data-id=\"22f70c3\" data-element_type=\"column\">\n\t\t\t<div class=\"elementor-column-wrap\">\n\t\t\t\t\t\t\t<div class=\"elementor-widget-wrap\">\n\t\t\t\t\t\t\t\t<\/div>\n\t\t\t\t\t<\/div>\n\t\t<\/div>\n\t\t\t\t\t\t\t\t<\/div>\n\t\t\t\t\t<\/div>\n\t\t<\/section>\n\t\t\t\t<section class=\"elementor-section elementor-top-section elementor-element elementor-element-b10a928 elementor-section-boxed elementor-section-height-default elementor-section-height-default\" data-id=\"b10a928\" data-element_type=\"section\">\n\t\t\t\t\t\t<div class=\"elementor-container elementor-column-gap-default\">\n\t\t\t\t\t\t\t<div class=\"elementor-row\">\n\t\t\t\t\t<div class=\"elementor-column elementor-col-100 elementor-top-column elementor-element elementor-element-04daff9\" data-id=\"04daff9\" data-element_type=\"column\">\n\t\t\t<div class=\"elementor-column-wrap elementor-element-populated\">\n\t\t\t\t\t\t\t<div class=\"elementor-widget-wrap\">\n\t\t\t\t\t\t<div class=\"elementor-element elementor-element-95a1152 elementor-widget elementor-widget-text-editor\" data-id=\"95a1152\" data-element_type=\"widget\" data-widget_type=\"text-editor.default\">\n\t\t\t\t<div class=\"elementor-widget-container\">\n\t\t\t\t\t<div class=\"elementor-text-editor elementor-clearfix\"><p>Der Unterricht f\u00fcr unsere Sch\u00fcler findet in den R\u00e4umen der Musikschule Klanghaus bzw. bei unseren Partnern statt (Pr\u00e4senzunterricht).\u00a0Eine weitere M\u00f6glichkeit ist der Online-Unterricht per Internet. Sch\u00fcler k\u00f6nnen den Unterricht von zu Hause aus durchf\u00fchren. So kann jeder in seiner h\u00e4uslichen Umgebung bequem am Unterricht teilnehmen und Zeit und Wege sparen.<\/p><\/div>\n\t\t\t\t<\/div>\n\t\t\t\t<\/div>\n\t\t\t\t\t\t<\/div>\n\t\t\t\t\t<\/div>\n\t\t<\/div>\n\t\t\t\t\t\t\t\t<\/div>\n\t\t\t\t\t<\/div>\n\t\t<\/section>\n\t\t\t\t<section class=\"elementor-section elementor-top-section elementor-element elementor-element-a952fc2 elementor-section-boxed elementor-section-height-default elementor-section-height-default\" data-id=\"a952fc2\" data-element_type=\"section\">\n\t\t\t\t\t\t<div class=\"elementor-container elementor-column-gap-default\">\n\t\t\t\t\t\t\t<div class=\"elementor-row\">\n\t\t\t\t\t<div class=\"elementor-column elementor-col-100 elementor-top-column elementor-element elementor-element-4df069e\" data-id=\"4df069e\" data-element_type=\"column\">\n\t\t\t<div class=\"elementor-column-wrap elementor-element-populated\">\n\t\t\t\t\t\t\t<div class=\"elementor-widget-wrap\">\n\t\t\t\t\t\t<div class=\"elementor-element elementor-element-000bc63 elementor-widget elementor-widget-spacer\" data-id=\"000bc63\" data-element_type=\"widget\" data-widget_type=\"spacer.default\">\n\t\t\t\t<div class=\"elementor-widget-container\">\n\t\t\t\t\t<div class=\"elementor-spacer\">\n\t\t\t<div class=\"elementor-spacer-inner\"><\/div>\n\t\t<\/div>\n\t\t\t\t<\/div>\n\t\t\t\t<\/div>\n\t\t\t\t\t\t<\/div>\n\t\t\t\t\t<\/div>\n\t\t<\/div>\n\t\t\t\t\t\t\t\t<\/div>\n\t\t\t\t\t<\/div>\n\t\t<\/section>\n\t\t\t\t<section class=\"elementor-section elementor-top-section elementor-element elementor-element-624fc73 elementor-section-boxed elementor-section-height-default elementor-section-height-default\" data-id=\"624fc73\" data-element_type=\"section\">\n\t\t\t\t\t\t<div class=\"elementor-container elementor-column-gap-default\">\n\t\t\t\t\t\t\t<div class=\"elementor-row\">\n\t\t\t\t\t<div class=\"elementor-column elementor-col-33 elementor-top-column elementor-element elementor-element-a6a6564\" data-id=\"a6a6564\" data-element_type=\"column\">\n\t\t\t<div class=\"elementor-column-wrap elementor-element-populated\">\n\t\t\t\t\t\t\t<div class=\"elementor-widget-wrap\">\n\t\t\t\t\t\t<div class=\"elementor-element elementor-element-141baf0 elementor-invisible elementor-widget elementor-widget-image\" data-id=\"141baf0\" data-element_type=\"widget\" data-settings=\"{&quot;_animation&quot;:&quot;fadeInDown&quot;,&quot;_animation_delay&quot;:100}\" data-widget_type=\"image.default\">\n\t\t\t\t<div class=\"elementor-widget-container\">\n\t\t\t\t\t<div class=\"elementor-image\">\n\t\t\t\t\t\t\t\t\t\t<img width=\"863\" height=\"1024\" src=\"https:\/\/www.klanghausmusikschule.de\/wp-content\/uploads\/2020\/12\/Basser_mae-863x1024.png\" class=\"attachment-large size-large\" alt=\"\" decoding=\"async\" loading=\"lazy\" srcset=\"https:\/\/www.klanghausmusikschule.de\/wp-content\/uploads\/2020\/12\/Basser_mae-863x1024.png 863w, https:\/\/www.klanghausmusikschule.de\/wp-content\/uploads\/2020\/12\/Basser_mae-253x300.png 253w, https:\/\/www.klanghausmusikschule.de\/wp-content\/uploads\/2020\/12\/Basser_mae-768x911.png 768w, https:\/\/www.klanghausmusikschule.de\/wp-content\/uploads\/2020\/12\/Basser_mae.png 925w\" sizes=\"(max-width: 863px) 100vw, 863px\" \/>\t\t\t\t\t\t\t\t\t\t\t<\/div>\n\t\t\t\t<\/div>\n\t\t\t\t<\/div>\n\t\t\t\t\t\t<\/div>\n\t\t\t\t\t<\/div>\n\t\t<\/div>\n\t\t\t\t<div class=\"elementor-column elementor-col-33 elementor-top-column elementor-element elementor-element-f73809f\" data-id=\"f73809f\" data-element_type=\"column\">\n\t\t\t<div class=\"elementor-column-wrap elementor-element-populated\">\n\t\t\t\t\t\t\t<div class=\"elementor-widget-wrap\">\n\t\t\t\t\t\t<div class=\"elementor-element elementor-element-7f7052e elementor-widget elementor-widget-text-editor\" data-id=\"7f7052e\" data-element_type=\"widget\" data-widget_type=\"text-editor.default\">\n\t\t\t\t<div class=\"elementor-widget-container\">\n\t\t\t\t\t<div class=\"elementor-text-editor elementor-clearfix\"><div id=\"id4\" class=\"style_SkipStroke_2 shape-with-text\"><div class=\"text-content graphic_textbox_layout_style_default_External_406_31\"><div class=\"graphic_textbox_layout_style_default\"><p class=\"paragraph_style_1\"><b>Folgende F\u00e4cher\/ Instrumente stehen zur Auswahl:<\/b><\/p><\/div><\/div><\/div><div id=\"id5\" class=\"style_SkipStroke_2 shape-with-text\"><div class=\"text-content graphic_textbox_layout_style_default_External_239_55\"><div class=\"graphic_textbox_layout_style_default\"><p class=\"paragraph_style\">Musikalische Fr\u00fcherziehung<\/p><p class=\"paragraph_style\"><span style=\"font-size: 16px; color: var( --e-global-color-text ); letter-spacing: var( --e-global-typography-text-letter-spacing );\">Instrumentenkarussell<\/span><\/p><\/div><\/div><\/div><div id=\"id7\" class=\"style_SkipStroke_2 shape-with-text\"><div class=\"text-content graphic_textbox_layout_style_default_External_423_223\"><div class=\"graphic_textbox_layout_style_default\"><p class=\"paragraph_style\">Instrumentalunterricht in den F\u00e4chern:<\/p><p class=\"paragraph_style\">Blockfl\u00f6te, Saxophon, Klarinette, Trompete, Querfl\u00f6te<\/p><p class=\"paragraph_style\">Gitarre, Bass, Minikontrabass, Violine<\/p><p class=\"paragraph_style\">Klavier, Keyboard, Akkordeon<\/p><p class=\"paragraph_style\">Schlagzeug<\/p><p class=\"paragraph_style\">Percussion, Djembe, Cajon<\/p><p class=\"paragraph_style\">Trommelgruppe<\/p><p class=\"paragraph_style\">Gesangsunterricht<\/p><p class=\"paragraph_style\">Kinderband\u00a0<\/p><p class=\"paragraph_style\">Jugendrockband\u00a0<\/p><p class=\"paragraph_style\">Musiktheorie<\/p><p class=\"paragraph_style\">Musiksoftware\/Arrangieren und Komponieren<\/p><p class=\"paragraph_style\">\u00a0<\/p><\/div><\/div><\/div><\/div>\n\t\t\t\t<\/div>\n\t\t\t\t<\/div>\n\t\t\t\t\t\t<\/div>\n\t\t\t\t\t<\/div>\n\t\t<\/div>\n\t\t\t\t<div class=\"elementor-column elementor-col-33 elementor-top-column elementor-element elementor-element-705df8d\" data-id=\"705df8d\" data-element_type=\"column\">\n\t\t\t<div class=\"elementor-column-wrap elementor-element-populated\">\n\t\t\t\t\t\t\t<div class=\"elementor-widget-wrap\">\n\t\t\t\t\t\t<div class=\"elementor-element elementor-element-1554803 elementor-invisible elementor-widget elementor-widget-image\" data-id=\"1554803\" data-element_type=\"widget\" data-settings=\"{&quot;_animation&quot;:&quot;fadeInDown&quot;,&quot;_animation_delay&quot;:500}\" data-widget_type=\"image.default\">\n\t\t\t\t<div class=\"elementor-widget-container\">\n\t\t\t\t\t<div class=\"elementor-image\">\n\t\t\t\t\t\t\t\t\t\t<img width=\"569\" height=\"671\" src=\"https:\/\/www.klanghausmusikschule.de\/wp-content\/uploads\/2020\/12\/Gitarre_mae.png\" class=\"attachment-large size-large\" alt=\"\" decoding=\"async\" loading=\"lazy\" srcset=\"https:\/\/www.klanghausmusikschule.de\/wp-content\/uploads\/2020\/12\/Gitarre_mae.png 569w, https:\/\/www.klanghausmusikschule.de\/wp-content\/uploads\/2020\/12\/Gitarre_mae-254x300.png 254w\" sizes=\"(max-width: 569px) 100vw, 569px\" \/>\t\t\t\t\t\t\t\t\t\t\t<\/div>\n\t\t\t\t<\/div>\n\t\t\t\t<\/div>\n\t\t\t\t\t\t<\/div>\n\t\t\t\t\t<\/div>\n\t\t<\/div>\n\t\t\t\t\t\t\t\t<\/div>\n\t\t\t\t\t<\/div>\n\t\t<\/section>\n\t\t\t\t<section class=\"elementor-section elementor-top-section elementor-element elementor-element-6a591d4 elementor-section-boxed elementor-section-height-default elementor-section-height-default\" data-id=\"6a591d4\" data-element_type=\"section\">\n\t\t\t\t\t\t<div class=\"elementor-container elementor-column-gap-default\">\n\t\t\t\t\t\t\t<div class=\"elementor-row\">\n\t\t\t\t\t<div class=\"elementor-column elementor-col-100 elementor-top-column elementor-element elementor-element-2de5636\" data-id=\"2de5636\" data-element_type=\"column\">\n\t\t\t<div class=\"elementor-column-wrap elementor-element-populated\">\n\t\t\t\t\t\t\t<div class=\"elementor-widget-wrap\">\n\t\t\t\t\t\t<div class=\"elementor-element elementor-element-9e06a1c elementor-widget elementor-widget-image\" data-id=\"9e06a1c\" data-element_type=\"widget\" data-widget_type=\"image.default\">\n\t\t\t\t<div class=\"elementor-widget-container\">\n\t\t\t\t\t<div class=\"elementor-image\">\n\t\t\t\t\t\t\t\t\t\t<img decoding=\"async\" src=\"http:\/\/cmbass.de\/wp-content\/uploads\/2020\/12\/drummer_maenek-1.png\" title=\"\" alt=\"\" \/>\t\t\t\t\t\t\t\t\t\t\t<\/div>\n\t\t\t\t<\/div>\n\t\t\t\t<\/div>\n\t\t\t\t\t\t<\/div>\n\t\t\t\t\t<\/div>\n\t\t<\/div>\n\t\t\t\t\t\t\t\t<\/div>\n\t\t\t\t\t<\/div>\n\t\t<\/section>\n\t\t\t\t\t\t<\/div>\n\t\t\t\t\t\t<\/div>\n\t\t\t\t\t<\/div>\n\t\t","protected":false},"excerpt":{"rendered":"<p>UNTERRICHTSANGEBOTE F\u00dcR KINDER UND JUGENDLICHE Der Unterricht f\u00fcr unsere Sch\u00fcler findet in den R\u00e4umen der Musikschule Klanghaus bzw. bei unseren Partnern statt (Pr\u00e4senzunterricht).\u00a0Eine weitere M\u00f6glichkeit ist der Online-Unterricht per Internet. Sch\u00fcler k\u00f6nnen den Unterricht von zu Hause aus durchf\u00fchren. So kann jeder in seiner h\u00e4uslichen Umgebung bequem am Unterricht teilnehmen und Zeit und Wege sparen. [&hellip;]<\/p>\n","protected":false},"author":1,"featured_media":0,"parent":0,"menu_order":0,"comment_status":"closed","ping_status":"closed","template":"","meta":[],"_links":{"self":[{"href":"https:\/\/www.klanghausmusikschule.de\/Home\/wp-json\/wp\/v2\/pages\/436"}],"collection":[{"href":"https:\/\/www.klanghausmusikschule.de\/Home\/wp-json\/wp\/v2\/pages"}],"about":[{"href":"https:\/\/www.klanghausmusikschule.de\/Home\/wp-json\/wp\/v2\/types\/page"}],"author":[{"embeddable":true,"href":"https:\/\/www.klanghausmusikschule.de\/Home\/wp-json\/wp\/v2\/users\/1"}],"replies":[{"embeddable":true,"href":"https:\/\/www.klanghausmusikschule.de\/Home\/wp-json\/wp\/v2\/comments?post=436"}],"version-history":[{"count":64,"href":"https:\/\/www.klanghausmusikschule.de\/Home\/wp-json\/wp\/v2\/pages\/436\/revisions"}],"predecessor-version":[{"id":1892,"href":"https:\/\/www.klanghausmusikschule.de\/Home\/wp-json\/wp\/v2\/pages\/436\/revisions\/1892"}],"wp:attachment":[{"href":"https:\/\/www.klanghausmusikschule.de\/Home\/wp-json\/wp\/v2\/media?parent=436"}],"curies":[{"name":"wp","href":"https:\/\/api.w.org\/{rel}","templated":true}]}}