{"id":334,"date":"2020-11-01T11:21:32","date_gmt":"2020-11-01T11:21:32","guid":{"rendered":"http:\/\/cmbass.de\/?page_id=334"},"modified":"2020-12-09T10:36:28","modified_gmt":"2020-12-09T10:36:28","slug":"online-unterricht","status":"publish","type":"page","link":"https:\/\/www.klanghausmusikschule.de\/Home\/online-unterricht\/","title":{"rendered":"Online-Unterricht"},"content":{"rendered":"\t\t<div data-elementor-type=\"wp-page\" data-elementor-id=\"334\" class=\"elementor elementor-334\" data-elementor-settings=\"[]\">\n\t\t\t\t\t\t<div class=\"elementor-inner\">\n\t\t\t\t\t\t\t<div class=\"elementor-section-wrap\">\n\t\t\t\t\t\t\t<section class=\"elementor-section elementor-top-section elementor-element elementor-element-6a61f4e elementor-section-boxed elementor-section-height-default elementor-section-height-default\" data-id=\"6a61f4e\" data-element_type=\"section\">\n\t\t\t\t\t\t<div class=\"elementor-container elementor-column-gap-default\">\n\t\t\t\t\t\t\t<div class=\"elementor-row\">\n\t\t\t\t\t<div class=\"elementor-column elementor-col-100 elementor-top-column elementor-element elementor-element-b30f400\" data-id=\"b30f400\" data-element_type=\"column\">\n\t\t\t<div class=\"elementor-column-wrap elementor-element-populated\">\n\t\t\t\t\t\t\t<div class=\"elementor-widget-wrap\">\n\t\t\t\t\t\t<div class=\"elementor-element elementor-element-7d908fa elementor-widget elementor-widget-spacer\" data-id=\"7d908fa\" data-element_type=\"widget\" data-widget_type=\"spacer.default\">\n\t\t\t\t<div class=\"elementor-widget-container\">\n\t\t\t\t\t<div class=\"elementor-spacer\">\n\t\t\t<div class=\"elementor-spacer-inner\"><\/div>\n\t\t<\/div>\n\t\t\t\t<\/div>\n\t\t\t\t<\/div>\n\t\t\t\t\t\t<\/div>\n\t\t\t\t\t<\/div>\n\t\t<\/div>\n\t\t\t\t\t\t\t\t<\/div>\n\t\t\t\t\t<\/div>\n\t\t<\/section>\n\t\t\t\t<section class=\"elementor-section elementor-top-section elementor-element elementor-element-1114ecf elementor-section-boxed elementor-section-height-default elementor-section-height-default\" data-id=\"1114ecf\" data-element_type=\"section\">\n\t\t\t\t\t\t<div class=\"elementor-container elementor-column-gap-default\">\n\t\t\t\t\t\t\t<div class=\"elementor-row\">\n\t\t\t\t\t<div class=\"elementor-column elementor-col-100 elementor-top-column elementor-element elementor-element-fe8f3d6\" data-id=\"fe8f3d6\" data-element_type=\"column\">\n\t\t\t<div class=\"elementor-column-wrap elementor-element-populated\">\n\t\t\t\t\t\t\t<div class=\"elementor-widget-wrap\">\n\t\t\t\t\t\t<div class=\"elementor-element elementor-element-c3b59bc elementor-widget elementor-widget-text-editor\" data-id=\"c3b59bc\" data-element_type=\"widget\" data-widget_type=\"text-editor.default\">\n\t\t\t\t<div class=\"elementor-widget-container\">\n\t\t\t\t\t<div class=\"elementor-text-editor elementor-clearfix\"><p>ONLINEUNTERRICHT<\/p><\/div>\n\t\t\t\t<\/div>\n\t\t\t\t<\/div>\n\t\t\t\t\t\t<\/div>\n\t\t\t\t\t<\/div>\n\t\t<\/div>\n\t\t\t\t\t\t\t\t<\/div>\n\t\t\t\t\t<\/div>\n\t\t<\/section>\n\t\t\t\t<section class=\"elementor-section elementor-top-section elementor-element elementor-element-c2e80d8 elementor-section-boxed elementor-section-height-default elementor-section-height-default\" data-id=\"c2e80d8\" data-element_type=\"section\">\n\t\t\t\t\t\t<div class=\"elementor-container elementor-column-gap-default\">\n\t\t\t\t\t\t\t<div class=\"elementor-row\">\n\t\t\t\t\t<div class=\"elementor-column elementor-col-100 elementor-top-column elementor-element elementor-element-8a46350\" data-id=\"8a46350\" data-element_type=\"column\">\n\t\t\t<div class=\"elementor-column-wrap elementor-element-populated\">\n\t\t\t\t\t\t\t<div class=\"elementor-widget-wrap\">\n\t\t\t\t\t\t<div class=\"elementor-element elementor-element-3e80d52 elementor-widget elementor-widget-spacer\" data-id=\"3e80d52\" data-element_type=\"widget\" data-widget_type=\"spacer.default\">\n\t\t\t\t<div class=\"elementor-widget-container\">\n\t\t\t\t\t<div class=\"elementor-spacer\">\n\t\t\t<div class=\"elementor-spacer-inner\"><\/div>\n\t\t<\/div>\n\t\t\t\t<\/div>\n\t\t\t\t<\/div>\n\t\t\t\t\t\t<\/div>\n\t\t\t\t\t<\/div>\n\t\t<\/div>\n\t\t\t\t\t\t\t\t<\/div>\n\t\t\t\t\t<\/div>\n\t\t<\/section>\n\t\t\t\t<section class=\"elementor-section elementor-top-section elementor-element elementor-element-f28f836 elementor-section-boxed elementor-section-height-default elementor-section-height-default\" data-id=\"f28f836\" data-element_type=\"section\">\n\t\t\t\t\t\t<div class=\"elementor-container elementor-column-gap-default\">\n\t\t\t\t\t\t\t<div class=\"elementor-row\">\n\t\t\t\t\t<div class=\"elementor-column elementor-col-100 elementor-top-column elementor-element elementor-element-aaf7b57\" data-id=\"aaf7b57\" data-element_type=\"column\">\n\t\t\t<div class=\"elementor-column-wrap elementor-element-populated\">\n\t\t\t\t\t\t\t<div class=\"elementor-widget-wrap\">\n\t\t\t\t\t\t<div class=\"elementor-element elementor-element-acaa0f4 elementor-widget elementor-widget-heading\" data-id=\"acaa0f4\" data-element_type=\"widget\" data-widget_type=\"heading.default\">\n\t\t\t\t<div class=\"elementor-widget-container\">\n\t\t\t<h2 class=\"elementor-heading-title elementor-size-default\">Unterricht zu Hause - bequem auf dem Sofa...<\/h2>\t\t<\/div>\n\t\t\t\t<\/div>\n\t\t\t\t\t\t<\/div>\n\t\t\t\t\t<\/div>\n\t\t<\/div>\n\t\t\t\t\t\t\t\t<\/div>\n\t\t\t\t\t<\/div>\n\t\t<\/section>\n\t\t\t\t<section class=\"elementor-section elementor-top-section elementor-element elementor-element-752eeda elementor-section-boxed elementor-section-height-default elementor-section-height-default\" data-id=\"752eeda\" data-element_type=\"section\">\n\t\t\t\t\t\t<div class=\"elementor-container elementor-column-gap-default\">\n\t\t\t\t\t\t\t<div class=\"elementor-row\">\n\t\t\t\t\t<div class=\"elementor-column elementor-col-100 elementor-top-column elementor-element elementor-element-ffd31a7\" data-id=\"ffd31a7\" data-element_type=\"column\">\n\t\t\t<div class=\"elementor-column-wrap\">\n\t\t\t\t\t\t\t<div class=\"elementor-widget-wrap\">\n\t\t\t\t\t\t\t\t<\/div>\n\t\t\t\t\t<\/div>\n\t\t<\/div>\n\t\t\t\t\t\t\t\t<\/div>\n\t\t\t\t\t<\/div>\n\t\t<\/section>\n\t\t\t\t<section class=\"elementor-section elementor-top-section elementor-element elementor-element-9393657 elementor-section-boxed elementor-section-height-default elementor-section-height-default\" data-id=\"9393657\" data-element_type=\"section\">\n\t\t\t\t\t\t<div class=\"elementor-container elementor-column-gap-default\">\n\t\t\t\t\t\t\t<div class=\"elementor-row\">\n\t\t\t\t\t<div class=\"elementor-column elementor-col-50 elementor-top-column elementor-element elementor-element-3ce0607\" data-id=\"3ce0607\" data-element_type=\"column\">\n\t\t\t<div class=\"elementor-column-wrap elementor-element-populated\">\n\t\t\t\t\t\t\t<div class=\"elementor-widget-wrap\">\n\t\t\t\t\t\t<div class=\"elementor-element elementor-element-2d9d2e4 elementor-widget elementor-widget-heading\" data-id=\"2d9d2e4\" data-element_type=\"widget\" data-widget_type=\"heading.default\">\n\t\t\t\t<div class=\"elementor-widget-container\">\n\t\t\t<h2 class=\"elementor-heading-title elementor-size-default\">Seit Januar 2020 bietet die Musikschule Klanghaus Online-Unterricht an. Diese moderne Unterrichtsform ist eine Erweiterung des Angebotes der Musikschule, bei welcher Sch\u00fcler und Lehrer sich an verschiedenen Orten befinden k\u00f6nnen und den Unterricht \u201eonline\u201c, also per Skype, FaceTime oder WhatsApp \u00fcber das Internet durchf\u00fchren. Diese Unterrichtsform gibt es national und international schon seit vielen Jahren f\u00fcr alle, die sich Weg und Zeit ersparen m\u00f6chten oder m\u00fcssen.&nbsp;\n\nIm Moment (Corona) ist es sicher eine sehr gute M\u00f6glichkeit, die Musikschule \u201ezu besuchen\u201c bzw. seinen Gitarren-, Klavier- oder Schlagzeugunterricht weiterzuf\u00fchren.&nbsp; Sch\u00fcler (von zu Hause aus ) und Lehrer f\u00fchren den Unterricht f\u00fcr alle Instrumente vor dem eigenen Computer oder Smartphone durch. Wichtige Voraussetzungen sind hierf\u00fcr u. a. eine stabile Internetverbindung und ein internetf\u00e4higer Computer mit Mikrophon und Webcam. Gro\u00dfe Anschaffungen sind aber nicht n\u00f6tig, das Smartphone oder Tablet, welches in vielen Haushalten bereits vorhanden ist, reicht anfangs aus.<br>N\u00e4here Informationen und Beratung zum Online-Unterricht erhaltet ihr \u00fcber alle unter \"Kontakt\" aufgef\u00fchrten Wege.<\/h2>\t\t<\/div>\n\t\t\t\t<\/div>\n\t\t\t\t\t\t<\/div>\n\t\t\t\t\t<\/div>\n\t\t<\/div>\n\t\t\t\t<div class=\"elementor-column elementor-col-50 elementor-top-column elementor-element elementor-element-8af7676\" data-id=\"8af7676\" data-element_type=\"column\">\n\t\t\t<div class=\"elementor-column-wrap elementor-element-populated\">\n\t\t\t\t\t\t\t<div class=\"elementor-widget-wrap\">\n\t\t\t\t\t\t<div class=\"elementor-element elementor-element-6ca830f elementor-widget elementor-widget-text-editor\" data-id=\"6ca830f\" data-element_type=\"widget\" data-widget_type=\"text-editor.default\">\n\t\t\t\t<div class=\"elementor-widget-container\">\n\t\t\t\t\t<div class=\"elementor-text-editor elementor-clearfix\"><\/div>\n\t\t\t\t<\/div>\n\t\t\t\t<\/div>\n\t\t\t\t\t\t<\/div>\n\t\t\t\t\t<\/div>\n\t\t<\/div>\n\t\t\t\t\t\t\t\t<\/div>\n\t\t\t\t\t<\/div>\n\t\t<\/section>\n\t\t\t\t<section class=\"elementor-section elementor-top-section elementor-element elementor-element-9e130aa elementor-section-boxed elementor-section-height-default elementor-section-height-default\" data-id=\"9e130aa\" data-element_type=\"section\">\n\t\t\t\t\t\t<div class=\"elementor-container elementor-column-gap-default\">\n\t\t\t\t\t\t\t<div class=\"elementor-row\">\n\t\t\t\t\t<div class=\"elementor-column elementor-col-33 elementor-top-column elementor-element elementor-element-7b73099\" data-id=\"7b73099\" data-element_type=\"column\">\n\t\t\t<div class=\"elementor-column-wrap elementor-element-populated\">\n\t\t\t\t\t\t\t<div class=\"elementor-widget-wrap\">\n\t\t\t\t\t\t<div class=\"elementor-element elementor-element-c9a0e61 elementor-widget elementor-widget-image\" data-id=\"c9a0e61\" data-element_type=\"widget\" data-widget_type=\"image.default\">\n\t\t\t\t<div class=\"elementor-widget-container\">\n\t\t\t\t\t<div class=\"elementor-image\">\n\t\t\t\t\t\t\t\t\t\t<img width=\"863\" height=\"1024\" src=\"https:\/\/www.klanghausmusikschule.de\/wp-content\/uploads\/2020\/12\/Basser_mae-863x1024.png\" class=\"attachment-large size-large\" alt=\"\" decoding=\"async\" loading=\"lazy\" srcset=\"https:\/\/www.klanghausmusikschule.de\/wp-content\/uploads\/2020\/12\/Basser_mae-863x1024.png 863w, https:\/\/www.klanghausmusikschule.de\/wp-content\/uploads\/2020\/12\/Basser_mae-253x300.png 253w, https:\/\/www.klanghausmusikschule.de\/wp-content\/uploads\/2020\/12\/Basser_mae-768x911.png 768w, https:\/\/www.klanghausmusikschule.de\/wp-content\/uploads\/2020\/12\/Basser_mae.png 925w\" sizes=\"(max-width: 863px) 100vw, 863px\" \/>\t\t\t\t\t\t\t\t\t\t\t<\/div>\n\t\t\t\t<\/div>\n\t\t\t\t<\/div>\n\t\t\t\t\t\t<\/div>\n\t\t\t\t\t<\/div>\n\t\t<\/div>\n\t\t\t\t<div class=\"elementor-column elementor-col-33 elementor-top-column elementor-element elementor-element-1051b44\" data-id=\"1051b44\" data-element_type=\"column\">\n\t\t\t<div class=\"elementor-column-wrap elementor-element-populated\">\n\t\t\t\t\t\t\t<div class=\"elementor-widget-wrap\">\n\t\t\t\t\t\t<div class=\"elementor-element elementor-element-54b3d9f elementor-widget elementor-widget-image\" data-id=\"54b3d9f\" data-element_type=\"widget\" data-widget_type=\"image.default\">\n\t\t\t\t<div class=\"elementor-widget-container\">\n\t\t\t\t\t<div class=\"elementor-image\">\n\t\t\t\t\t\t\t\t\t\t<img width=\"746\" height=\"1024\" src=\"https:\/\/www.klanghausmusikschule.de\/wp-content\/uploads\/2020\/12\/Saenger_mae-746x1024.png\" class=\"attachment-large size-large\" alt=\"\" decoding=\"async\" loading=\"lazy\" srcset=\"https:\/\/www.klanghausmusikschule.de\/wp-content\/uploads\/2020\/12\/Saenger_mae-746x1024.png 746w, https:\/\/www.klanghausmusikschule.de\/wp-content\/uploads\/2020\/12\/Saenger_mae-218x300.png 218w, https:\/\/www.klanghausmusikschule.de\/wp-content\/uploads\/2020\/12\/Saenger_mae-768x1055.png 768w, https:\/\/www.klanghausmusikschule.de\/wp-content\/uploads\/2020\/12\/Saenger_mae-1118x1536.png 1118w, https:\/\/www.klanghausmusikschule.de\/wp-content\/uploads\/2020\/12\/Saenger_mae-1491x2048.png 1491w, https:\/\/www.klanghausmusikschule.de\/wp-content\/uploads\/2020\/12\/Saenger_mae.png 1518w\" sizes=\"(max-width: 746px) 100vw, 746px\" \/>\t\t\t\t\t\t\t\t\t\t\t<\/div>\n\t\t\t\t<\/div>\n\t\t\t\t<\/div>\n\t\t\t\t\t\t<\/div>\n\t\t\t\t\t<\/div>\n\t\t<\/div>\n\t\t\t\t<div class=\"elementor-column elementor-col-33 elementor-top-column elementor-element elementor-element-600b2a1\" data-id=\"600b2a1\" data-element_type=\"column\">\n\t\t\t<div class=\"elementor-column-wrap elementor-element-populated\">\n\t\t\t\t\t\t\t<div class=\"elementor-widget-wrap\">\n\t\t\t\t\t\t<div class=\"elementor-element elementor-element-6abe99e elementor-widget elementor-widget-image\" data-id=\"6abe99e\" data-element_type=\"widget\" data-widget_type=\"image.default\">\n\t\t\t\t<div class=\"elementor-widget-container\">\n\t\t\t\t\t<div class=\"elementor-image\">\n\t\t\t\t\t\t\t\t\t\t<img width=\"640\" height=\"734\" src=\"https:\/\/www.klanghausmusikschule.de\/wp-content\/uploads\/2020\/12\/drummer_maenek.png\" class=\"attachment-large size-large\" alt=\"\" decoding=\"async\" loading=\"lazy\" srcset=\"https:\/\/www.klanghausmusikschule.de\/wp-content\/uploads\/2020\/12\/drummer_maenek.png 640w, https:\/\/www.klanghausmusikschule.de\/wp-content\/uploads\/2020\/12\/drummer_maenek-262x300.png 262w\" sizes=\"(max-width: 640px) 100vw, 640px\" \/>\t\t\t\t\t\t\t\t\t\t\t<\/div>\n\t\t\t\t<\/div>\n\t\t\t\t<\/div>\n\t\t\t\t\t\t<\/div>\n\t\t\t\t\t<\/div>\n\t\t<\/div>\n\t\t\t\t\t\t\t\t<\/div>\n\t\t\t\t\t<\/div>\n\t\t<\/section>\n\t\t\t\t\t\t<\/div>\n\t\t\t\t\t\t<\/div>\n\t\t\t\t\t<\/div>\n\t\t","protected":false},"excerpt":{"rendered":"<p>ONLINEUNTERRICHT Unterricht zu Hause &#8211; bequem auf dem Sofa&#8230; Seit Januar 2020 bietet die Musikschule Klanghaus Online-Unterricht an. Diese moderne Unterrichtsform ist eine Erweiterung des Angebotes der Musikschule, bei welcher Sch\u00fcler und Lehrer sich an verschiedenen Orten befinden k\u00f6nnen und den Unterricht \u201eonline\u201c, also per Skype, FaceTime oder WhatsApp \u00fcber das Internet durchf\u00fchren. Diese Unterrichtsform [&hellip;]<\/p>\n","protected":false},"author":1,"featured_media":0,"parent":0,"menu_order":0,"comment_status":"closed","ping_status":"closed","template":"","meta":[],"_links":{"self":[{"href":"https:\/\/www.klanghausmusikschule.de\/Home\/wp-json\/wp\/v2\/pages\/334"}],"collection":[{"href":"https:\/\/www.klanghausmusikschule.de\/Home\/wp-json\/wp\/v2\/pages"}],"about":[{"href":"https:\/\/www.klanghausmusikschule.de\/Home\/wp-json\/wp\/v2\/types\/page"}],"author":[{"embeddable":true,"href":"https:\/\/www.klanghausmusikschule.de\/Home\/wp-json\/wp\/v2\/users\/1"}],"replies":[{"embeddable":true,"href":"https:\/\/www.klanghausmusikschule.de\/Home\/wp-json\/wp\/v2\/comments?post=334"}],"version-history":[{"count":28,"href":"https:\/\/www.klanghausmusikschule.de\/Home\/wp-json\/wp\/v2\/pages\/334\/revisions"}],"predecessor-version":[{"id":1735,"href":"https:\/\/www.klanghausmusikschule.de\/Home\/wp-json\/wp\/v2\/pages\/334\/revisions\/1735"}],"wp:attachment":[{"href":"https:\/\/www.klanghausmusikschule.de\/Home\/wp-json\/wp\/v2\/media?parent=334"}],"curies":[{"name":"wp","href":"https:\/\/api.w.org\/{rel}","templated":true}]}}