{"id":2159,"date":"2020-12-21T11:03:33","date_gmt":"2020-12-21T11:03:33","guid":{"rendered":"http:\/\/www.klanghausmusikschule.de\/Home\/?page_id=2159"},"modified":"2020-12-22T11:08:15","modified_gmt":"2020-12-22T11:08:15","slug":"spenden-und-foerdern","status":"publish","type":"page","link":"https:\/\/www.klanghausmusikschule.de\/Home\/spenden-und-foerdern\/","title":{"rendered":"Spenden und F\u00f6rdern"},"content":{"rendered":"\t\t<div data-elementor-type=\"wp-page\" data-elementor-id=\"2159\" class=\"elementor elementor-2159\" data-elementor-settings=\"[]\">\n\t\t\t\t\t\t<div class=\"elementor-inner\">\n\t\t\t\t\t\t\t<div class=\"elementor-section-wrap\">\n\t\t\t\t\t\t\t<section class=\"elementor-section elementor-top-section elementor-element elementor-element-57d2425 elementor-section-boxed elementor-section-height-default elementor-section-height-default\" data-id=\"57d2425\" data-element_type=\"section\">\n\t\t\t\t\t\t<div class=\"elementor-container elementor-column-gap-default\">\n\t\t\t\t\t\t\t<div class=\"elementor-row\">\n\t\t\t\t\t<div class=\"elementor-column elementor-col-100 elementor-top-column elementor-element elementor-element-16c2dba\" data-id=\"16c2dba\" data-element_type=\"column\">\n\t\t\t<div class=\"elementor-column-wrap elementor-element-populated\">\n\t\t\t\t\t\t\t<div class=\"elementor-widget-wrap\">\n\t\t\t\t\t\t<div class=\"elementor-element elementor-element-4f5cbd0 elementor-widget elementor-widget-spacer\" data-id=\"4f5cbd0\" data-element_type=\"widget\" data-widget_type=\"spacer.default\">\n\t\t\t\t<div class=\"elementor-widget-container\">\n\t\t\t\t\t<div class=\"elementor-spacer\">\n\t\t\t<div class=\"elementor-spacer-inner\"><\/div>\n\t\t<\/div>\n\t\t\t\t<\/div>\n\t\t\t\t<\/div>\n\t\t\t\t\t\t<\/div>\n\t\t\t\t\t<\/div>\n\t\t<\/div>\n\t\t\t\t\t\t\t\t<\/div>\n\t\t\t\t\t<\/div>\n\t\t<\/section>\n\t\t\t\t<section class=\"elementor-section elementor-top-section elementor-element elementor-element-3913fe9 elementor-section-boxed elementor-section-height-default elementor-section-height-default\" data-id=\"3913fe9\" data-element_type=\"section\">\n\t\t\t\t\t\t<div class=\"elementor-container elementor-column-gap-default\">\n\t\t\t\t\t\t\t<div class=\"elementor-row\">\n\t\t\t\t\t<div class=\"elementor-column elementor-col-100 elementor-top-column elementor-element elementor-element-5c7d914\" data-id=\"5c7d914\" data-element_type=\"column\">\n\t\t\t<div class=\"elementor-column-wrap elementor-element-populated\">\n\t\t\t\t\t\t\t<div class=\"elementor-widget-wrap\">\n\t\t\t\t\t\t<div class=\"elementor-element elementor-element-6fb550f elementor-widget elementor-widget-text-editor\" data-id=\"6fb550f\" data-element_type=\"widget\" data-widget_type=\"text-editor.default\">\n\t\t\t\t<div class=\"elementor-widget-container\">\n\t\t\t\t\t<div class=\"elementor-text-editor elementor-clearfix\"><p>SPENDEN UND F\u00d6RDERN<\/p><\/div>\n\t\t\t\t<\/div>\n\t\t\t\t<\/div>\n\t\t\t\t\t\t<\/div>\n\t\t\t\t\t<\/div>\n\t\t<\/div>\n\t\t\t\t\t\t\t\t<\/div>\n\t\t\t\t\t<\/div>\n\t\t<\/section>\n\t\t\t\t<section class=\"elementor-section elementor-top-section elementor-element elementor-element-74a4047 elementor-section-boxed elementor-section-height-default elementor-section-height-default\" data-id=\"74a4047\" data-element_type=\"section\">\n\t\t\t\t\t\t<div class=\"elementor-container elementor-column-gap-default\">\n\t\t\t\t\t\t\t<div class=\"elementor-row\">\n\t\t\t\t\t<div class=\"elementor-column elementor-col-50 elementor-top-column elementor-element elementor-element-eb43b1c\" data-id=\"eb43b1c\" data-element_type=\"column\">\n\t\t\t<div class=\"elementor-column-wrap elementor-element-populated\">\n\t\t\t\t\t\t\t<div class=\"elementor-widget-wrap\">\n\t\t\t\t\t\t<div class=\"elementor-element elementor-element-efd8445 elementor-widget elementor-widget-text-editor\" data-id=\"efd8445\" data-element_type=\"widget\" data-widget_type=\"text-editor.default\">\n\t\t\t\t<div class=\"elementor-widget-container\">\n\t\t\t\t\t<div class=\"elementor-text-editor elementor-clearfix\"><p><span style=\"text-decoration: underline;\"><strong>Soziale F\u00f6rderung<\/strong><\/span><\/p><p>Mit Ihrer Spende unterst\u00fctzen Sie die Arbeit und die Ziele der Musikschule Klanghaus e.V. in sozialer Hinsicht.<\/p><p>Sponsoring und F\u00f6rdermittel erm\u00f6glichen einigen Sch\u00fclern mit Unterst\u00fctzung die Musikschule besuchen zu k\u00f6nnen, die es sich sonst nicht leisten k\u00f6nnten.\u00a0<\/p><p>\u00a0<\/p><\/div>\n\t\t\t\t<\/div>\n\t\t\t\t<\/div>\n\t\t\t\t\t\t<\/div>\n\t\t\t\t\t<\/div>\n\t\t<\/div>\n\t\t\t\t<div class=\"elementor-column elementor-col-50 elementor-top-column elementor-element elementor-element-357479e\" data-id=\"357479e\" data-element_type=\"column\">\n\t\t\t<div class=\"elementor-column-wrap elementor-element-populated\">\n\t\t\t\t\t\t\t<div class=\"elementor-widget-wrap\">\n\t\t\t\t\t\t<div class=\"elementor-element elementor-element-0014dc2 elementor-widget elementor-widget-text-editor\" data-id=\"0014dc2\" data-element_type=\"widget\" data-widget_type=\"text-editor.default\">\n\t\t\t\t<div class=\"elementor-widget-container\">\n\t\t\t\t\t<div class=\"elementor-text-editor elementor-clearfix\"><p><span style=\"text-decoration: underline;\"><strong>Leistungsf\u00f6rderung<\/strong><\/span><\/p><p>Mit Hilfe von F\u00f6rdergeldern k\u00f6nnen leistungsstarke Sch\u00fcler mit beruflicher Perspektive gezielt gef\u00f6rdert werden.<\/p><p>Hierzu geh\u00f6ren z.B. die Vorbereitung auf ein Musikstudium und die bevorstehende Aufnahmepr\u00fcfung an einer Hochschule oder einer Universit\u00e4t.<\/p><\/div>\n\t\t\t\t<\/div>\n\t\t\t\t<\/div>\n\t\t\t\t\t\t<\/div>\n\t\t\t\t\t<\/div>\n\t\t<\/div>\n\t\t\t\t\t\t\t\t<\/div>\n\t\t\t\t\t<\/div>\n\t\t<\/section>\n\t\t\t\t<section class=\"elementor-section elementor-top-section elementor-element elementor-element-acaf3d9 elementor-section-boxed elementor-section-height-default elementor-section-height-default\" data-id=\"acaf3d9\" data-element_type=\"section\">\n\t\t\t\t\t\t<div class=\"elementor-container elementor-column-gap-default\">\n\t\t\t\t\t\t\t<div class=\"elementor-row\">\n\t\t\t\t\t<div class=\"elementor-column elementor-col-50 elementor-top-column elementor-element elementor-element-f02e645\" data-id=\"f02e645\" data-element_type=\"column\">\n\t\t\t<div class=\"elementor-column-wrap elementor-element-populated\">\n\t\t\t\t\t\t\t<div class=\"elementor-widget-wrap\">\n\t\t\t\t\t\t<div class=\"elementor-element elementor-element-177fc09 elementor-widget elementor-widget-text-editor\" data-id=\"177fc09\" data-element_type=\"widget\" data-widget_type=\"text-editor.default\">\n\t\t\t\t<div class=\"elementor-widget-container\">\n\t\t\t\t\t<div class=\"elementor-text-editor elementor-clearfix\"><p><span style=\"text-decoration: underline;\"><strong>Projektf\u00f6rderung<\/strong><\/span><\/p><p>Die Musikschule Klanghaus e.V. unterst\u00fctzt Sch\u00fcler und Bands bei der Verwirklichung Ihrer Ziele wie z.B. CD-Produktion oder Aufnahme von Eigenkompositionen im Tonstudio.<\/p><\/div>\n\t\t\t\t<\/div>\n\t\t\t\t<\/div>\n\t\t\t\t\t\t<\/div>\n\t\t\t\t\t<\/div>\n\t\t<\/div>\n\t\t\t\t<div class=\"elementor-column elementor-col-50 elementor-top-column elementor-element elementor-element-b8aa349\" data-id=\"b8aa349\" data-element_type=\"column\">\n\t\t\t<div class=\"elementor-column-wrap elementor-element-populated\">\n\t\t\t\t\t\t\t<div class=\"elementor-widget-wrap\">\n\t\t\t\t\t\t<div class=\"elementor-element elementor-element-5dbaf68 elementor-widget elementor-widget-text-editor\" data-id=\"5dbaf68\" data-element_type=\"widget\" data-widget_type=\"text-editor.default\">\n\t\t\t\t<div class=\"elementor-widget-container\">\n\t\t\t\t\t<div class=\"elementor-text-editor elementor-clearfix\"><p><span style=\"text-decoration: underline;\"><strong>Bereitstellung von Instrumenten und Technik<\/strong><\/span><\/p><p>Sch\u00fcler und Bands k\u00f6nnen kostenlos bzw. kosteng\u00fcnstig Instrumente und technisches Zubeh\u00f6r mieten und nutzen. Hierzu z\u00e4hlen zum Beispiel Gitarren, Violinen, Minikontrab\u00e4sse, Keyboards, Verst\u00e4rker, Trommeln.<\/p><\/div>\n\t\t\t\t<\/div>\n\t\t\t\t<\/div>\n\t\t\t\t\t\t<\/div>\n\t\t\t\t\t<\/div>\n\t\t<\/div>\n\t\t\t\t\t\t\t\t<\/div>\n\t\t\t\t\t<\/div>\n\t\t<\/section>\n\t\t\t\t<section class=\"elementor-section elementor-top-section elementor-element elementor-element-aa76a68 elementor-section-boxed elementor-section-height-default elementor-section-height-default\" data-id=\"aa76a68\" data-element_type=\"section\">\n\t\t\t\t\t\t<div class=\"elementor-container elementor-column-gap-default\">\n\t\t\t\t\t\t\t<div class=\"elementor-row\">\n\t\t\t\t\t<div class=\"elementor-column elementor-col-100 elementor-top-column elementor-element elementor-element-94e1811\" data-id=\"94e1811\" data-element_type=\"column\">\n\t\t\t<div class=\"elementor-column-wrap\">\n\t\t\t\t\t\t\t<div class=\"elementor-widget-wrap\">\n\t\t\t\t\t\t\t\t<\/div>\n\t\t\t\t\t<\/div>\n\t\t<\/div>\n\t\t\t\t\t\t\t\t<\/div>\n\t\t\t\t\t<\/div>\n\t\t<\/section>\n\t\t\t\t<section class=\"elementor-section elementor-top-section elementor-element elementor-element-04cd4dc elementor-section-boxed elementor-section-height-default elementor-section-height-default\" data-id=\"04cd4dc\" data-element_type=\"section\">\n\t\t\t\t\t\t<div class=\"elementor-container elementor-column-gap-default\">\n\t\t\t\t\t\t\t<div class=\"elementor-row\">\n\t\t\t\t\t<div class=\"elementor-column elementor-col-100 elementor-top-column elementor-element elementor-element-bcd7951\" data-id=\"bcd7951\" data-element_type=\"column\">\n\t\t\t<div class=\"elementor-column-wrap elementor-element-populated\">\n\t\t\t\t\t\t\t<div class=\"elementor-widget-wrap\">\n\t\t\t\t\t\t<div class=\"elementor-element elementor-element-58bdfeb elementor-widget elementor-widget-text-editor\" data-id=\"58bdfeb\" data-element_type=\"widget\" data-widget_type=\"text-editor.default\">\n\t\t\t\t<div class=\"elementor-widget-container\">\n\t\t\t\t\t<div class=\"elementor-text-editor elementor-clearfix\"><p><strong style=\"font-size: 16px; color: var( --e-global-color-text ); letter-spacing: var( --e-global-typography-text-letter-spacing );\">Zur Verwirklichung dieser Ziele sind wir auf Ihre Spende angewiesen. <\/strong><\/p><p><strong style=\"font-size: 16px; color: var( --e-global-color-text ); letter-spacing: var( --e-global-typography-text-letter-spacing );\">Bitte unterst\u00fctzen Sie die Musikschule Klanghaus e.V. ! <\/strong><\/p><p><strong style=\"font-size: 16px; color: var( --e-global-color-text ); letter-spacing: var( --e-global-typography-text-letter-spacing );\">N\u00e4here Informationen erhalten Sie gern auch im pers\u00f6nlichen Gespr\u00e4ch.<\/strong><\/p><p>\u00a0<\/p><p><strong style=\"font-size: 16px; color: var( --e-global-color-text ); letter-spacing: var( --e-global-typography-text-letter-spacing );\">Kontaktieren Sie uns unter:<\/strong><\/p><p><strong>mail@ klanghausmusikschule.de<\/strong><\/p><p>\u00a0<\/p><\/div>\n\t\t\t\t<\/div>\n\t\t\t\t<\/div>\n\t\t\t\t\t\t<\/div>\n\t\t\t\t\t<\/div>\n\t\t<\/div>\n\t\t\t\t\t\t\t\t<\/div>\n\t\t\t\t\t<\/div>\n\t\t<\/section>\n\t\t\t\t<section class=\"elementor-section elementor-top-section elementor-element elementor-element-81b24df elementor-section-boxed elementor-section-height-default elementor-section-height-default\" data-id=\"81b24df\" data-element_type=\"section\">\n\t\t\t\t\t\t<div class=\"elementor-container elementor-column-gap-default\">\n\t\t\t\t\t\t\t<div class=\"elementor-row\">\n\t\t\t\t\t<div class=\"elementor-column elementor-col-100 elementor-top-column elementor-element elementor-element-3627807\" data-id=\"3627807\" data-element_type=\"column\">\n\t\t\t<div class=\"elementor-column-wrap\">\n\t\t\t\t\t\t\t<div class=\"elementor-widget-wrap\">\n\t\t\t\t\t\t\t\t<\/div>\n\t\t\t\t\t<\/div>\n\t\t<\/div>\n\t\t\t\t\t\t\t\t<\/div>\n\t\t\t\t\t<\/div>\n\t\t<\/section>\n\t\t\t\t<section class=\"elementor-section elementor-top-section elementor-element elementor-element-c449324 elementor-section-boxed elementor-section-height-default elementor-section-height-default\" data-id=\"c449324\" data-element_type=\"section\">\n\t\t\t\t\t\t<div class=\"elementor-container elementor-column-gap-default\">\n\t\t\t\t\t\t\t<div class=\"elementor-row\">\n\t\t\t\t\t<div class=\"elementor-column elementor-col-100 elementor-top-column elementor-element elementor-element-68c2fbe\" data-id=\"68c2fbe\" data-element_type=\"column\">\n\t\t\t<div class=\"elementor-column-wrap elementor-element-populated\">\n\t\t\t\t\t\t\t<div class=\"elementor-widget-wrap\">\n\t\t\t\t\t\t<div class=\"elementor-element elementor-element-46eaf51 elementor-widget elementor-widget-text-editor\" data-id=\"46eaf51\" data-element_type=\"widget\" data-widget_type=\"text-editor.default\">\n\t\t\t\t<div class=\"elementor-widget-container\">\n\t\t\t\t\t<div class=\"elementor-text-editor elementor-clearfix\"><p>\u00a0<\/p><p><strong>Bandf\u00f6rderung \u00a0&#8222;Bleeding Vintage&#8220;<\/strong><\/p><p>\u00a0<\/p><\/div>\n\t\t\t\t<\/div>\n\t\t\t\t<\/div>\n\t\t\t\t\t\t<\/div>\n\t\t\t\t\t<\/div>\n\t\t<\/div>\n\t\t\t\t\t\t\t\t<\/div>\n\t\t\t\t\t<\/div>\n\t\t<\/section>\n\t\t\t\t<section class=\"elementor-section elementor-top-section elementor-element elementor-element-016a772 elementor-section-boxed elementor-section-height-default elementor-section-height-default\" data-id=\"016a772\" data-element_type=\"section\">\n\t\t\t\t\t\t<div class=\"elementor-container elementor-column-gap-default\">\n\t\t\t\t\t\t\t<div class=\"elementor-row\">\n\t\t\t\t\t<div class=\"elementor-column elementor-col-100 elementor-top-column elementor-element elementor-element-0521af0\" data-id=\"0521af0\" data-element_type=\"column\">\n\t\t\t<div class=\"elementor-column-wrap elementor-element-populated\">\n\t\t\t\t\t\t\t<div class=\"elementor-widget-wrap\">\n\t\t\t\t\t\t<div class=\"elementor-element elementor-element-f45e8ed elementor-widget elementor-widget-text-editor\" data-id=\"f45e8ed\" data-element_type=\"widget\" data-widget_type=\"text-editor.default\">\n\t\t\t\t<div class=\"elementor-widget-container\">\n\t\t\t\t\t<div class=\"elementor-text-editor elementor-clearfix\"><p><strong>&#8222;Bleeding Vintage&#8220;<\/strong> ist durch die Musikschule Klanghaus gef\u00f6rdert worden. Die ehemalige<strong> Sch\u00fclerband<\/strong> hat mehrere Preise bei<strong> &#8222;Jugend Musiziert&#8220;<\/strong> und beim <strong>&#8222;Rock Oder Spree Festival&#8220;<\/strong> gewonnen. Auf der ersten<strong> CD<\/strong> der Band &#8222;Loud Large Lemon Like!&#8220; sind ausschliesslich <strong>Eigenkompositionen<\/strong>. Die Aufnahmen wurden im professionellen<strong> Tonstudio &#8222;1058&#8220;<\/strong> in Berlin gemacht.<\/p><\/div>\n\t\t\t\t<\/div>\n\t\t\t\t<\/div>\n\t\t\t\t\t\t<\/div>\n\t\t\t\t\t<\/div>\n\t\t<\/div>\n\t\t\t\t\t\t\t\t<\/div>\n\t\t\t\t\t<\/div>\n\t\t<\/section>\n\t\t\t\t<section class=\"elementor-section elementor-top-section elementor-element elementor-element-3dc97e8 elementor-section-boxed elementor-section-height-default elementor-section-height-default\" data-id=\"3dc97e8\" data-element_type=\"section\">\n\t\t\t\t\t\t<div class=\"elementor-container elementor-column-gap-default\">\n\t\t\t\t\t\t\t<div class=\"elementor-row\">\n\t\t\t\t\t<div class=\"elementor-column elementor-col-50 elementor-top-column elementor-element elementor-element-e9bc0eb\" data-id=\"e9bc0eb\" data-element_type=\"column\">\n\t\t\t<div class=\"elementor-column-wrap elementor-element-populated\">\n\t\t\t\t\t\t\t<div class=\"elementor-widget-wrap\">\n\t\t\t\t\t\t<div class=\"elementor-element elementor-element-9d591f0 elementor-widget elementor-widget-image\" data-id=\"9d591f0\" data-element_type=\"widget\" data-widget_type=\"image.default\">\n\t\t\t\t<div class=\"elementor-widget-container\">\n\t\t\t\t\t<div class=\"elementor-image\">\n\t\t\t\t\t\t\t\t\t\t<img width=\"493\" height=\"493\" src=\"https:\/\/www.klanghausmusikschule.de\/wp-content\/uploads\/2020\/12\/bv-logo-yt-4.png\" class=\"attachment-large size-large\" alt=\"\" decoding=\"async\" loading=\"lazy\" srcset=\"https:\/\/www.klanghausmusikschule.de\/wp-content\/uploads\/2020\/12\/bv-logo-yt-4.png 493w, https:\/\/www.klanghausmusikschule.de\/wp-content\/uploads\/2020\/12\/bv-logo-yt-4-300x300.png 300w, https:\/\/www.klanghausmusikschule.de\/wp-content\/uploads\/2020\/12\/bv-logo-yt-4-150x150.png 150w\" sizes=\"(max-width: 493px) 100vw, 493px\" \/>\t\t\t\t\t\t\t\t\t\t\t<\/div>\n\t\t\t\t<\/div>\n\t\t\t\t<\/div>\n\t\t\t\t\t\t<\/div>\n\t\t\t\t\t<\/div>\n\t\t<\/div>\n\t\t\t\t<div class=\"elementor-column elementor-col-50 elementor-top-column elementor-element elementor-element-934ddbd\" data-id=\"934ddbd\" data-element_type=\"column\">\n\t\t\t<div class=\"elementor-column-wrap elementor-element-populated\">\n\t\t\t\t\t\t\t<div class=\"elementor-widget-wrap\">\n\t\t\t\t\t\t<div class=\"elementor-element elementor-element-0a08e4b elementor-widget elementor-widget-image\" data-id=\"0a08e4b\" data-element_type=\"widget\" data-widget_type=\"image.default\">\n\t\t\t\t<div class=\"elementor-widget-container\">\n\t\t\t\t\t<div class=\"elementor-image\">\n\t\t\t\t\t\t\t\t\t\t<img width=\"1024\" height=\"1013\" src=\"https:\/\/www.klanghausmusikschule.de\/wp-content\/uploads\/2020\/12\/BV-CD-18-rueck-3-1024x1013.png\" class=\"attachment-large size-large\" alt=\"\" decoding=\"async\" loading=\"lazy\" srcset=\"https:\/\/www.klanghausmusikschule.de\/wp-content\/uploads\/2020\/12\/BV-CD-18-rueck-3-1024x1013.png 1024w, https:\/\/www.klanghausmusikschule.de\/wp-content\/uploads\/2020\/12\/BV-CD-18-rueck-3-300x297.png 300w, https:\/\/www.klanghausmusikschule.de\/wp-content\/uploads\/2020\/12\/BV-CD-18-rueck-3-768x760.png 768w, https:\/\/www.klanghausmusikschule.de\/wp-content\/uploads\/2020\/12\/BV-CD-18-rueck-3-1536x1520.png 1536w, https:\/\/www.klanghausmusikschule.de\/wp-content\/uploads\/2020\/12\/BV-CD-18-rueck-3-2048x2026.png 2048w\" sizes=\"(max-width: 1024px) 100vw, 1024px\" \/>\t\t\t\t\t\t\t\t\t\t\t<\/div>\n\t\t\t\t<\/div>\n\t\t\t\t<\/div>\n\t\t\t\t\t\t<\/div>\n\t\t\t\t\t<\/div>\n\t\t<\/div>\n\t\t\t\t\t\t\t\t<\/div>\n\t\t\t\t\t<\/div>\n\t\t<\/section>\n\t\t\t\t\t\t<\/div>\n\t\t\t\t\t\t<\/div>\n\t\t\t\t\t<\/div>\n\t\t","protected":false},"excerpt":{"rendered":"<p>SPENDEN UND F\u00d6RDERN Soziale F\u00f6rderung Mit Ihrer Spende unterst\u00fctzen Sie die Arbeit und die Ziele der Musikschule Klanghaus e.V. in sozialer Hinsicht. Sponsoring und F\u00f6rdermittel erm\u00f6glichen einigen Sch\u00fclern mit Unterst\u00fctzung die Musikschule besuchen zu k\u00f6nnen, die es sich sonst nicht leisten k\u00f6nnten.\u00a0 \u00a0 Leistungsf\u00f6rderung Mit Hilfe von F\u00f6rdergeldern k\u00f6nnen leistungsstarke Sch\u00fcler mit beruflicher Perspektive gezielt [&hellip;]<\/p>\n","protected":false},"author":1,"featured_media":0,"parent":0,"menu_order":0,"comment_status":"closed","ping_status":"closed","template":"","meta":[],"_links":{"self":[{"href":"https:\/\/www.klanghausmusikschule.de\/Home\/wp-json\/wp\/v2\/pages\/2159"}],"collection":[{"href":"https:\/\/www.klanghausmusikschule.de\/Home\/wp-json\/wp\/v2\/pages"}],"about":[{"href":"https:\/\/www.klanghausmusikschule.de\/Home\/wp-json\/wp\/v2\/types\/page"}],"author":[{"embeddable":true,"href":"https:\/\/www.klanghausmusikschule.de\/Home\/wp-json\/wp\/v2\/users\/1"}],"replies":[{"embeddable":true,"href":"https:\/\/www.klanghausmusikschule.de\/Home\/wp-json\/wp\/v2\/comments?post=2159"}],"version-history":[{"count":58,"href":"https:\/\/www.klanghausmusikschule.de\/Home\/wp-json\/wp\/v2\/pages\/2159\/revisions"}],"predecessor-version":[{"id":2227,"href":"https:\/\/www.klanghausmusikschule.de\/Home\/wp-json\/wp\/v2\/pages\/2159\/revisions\/2227"}],"wp:attachment":[{"href":"https:\/\/www.klanghausmusikschule.de\/Home\/wp-json\/wp\/v2\/media?parent=2159"}],"curies":[{"name":"wp","href":"https:\/\/api.w.org\/{rel}","templated":true}]}}