{"id":1601,"date":"2020-12-08T10:34:36","date_gmt":"2020-12-08T10:34:36","guid":{"rendered":"http:\/\/cmbass.de\/?page_id=1601"},"modified":"2020-12-09T10:27:00","modified_gmt":"2020-12-09T10:27:00","slug":"leitfaden","status":"publish","type":"page","link":"https:\/\/www.klanghausmusikschule.de\/Home\/leitfaden\/","title":{"rendered":"Leitfaden"},"content":{"rendered":"\t\t<div data-elementor-type=\"wp-page\" data-elementor-id=\"1601\" class=\"elementor elementor-1601\" data-elementor-settings=\"[]\">\n\t\t\t\t\t\t<div class=\"elementor-inner\">\n\t\t\t\t\t\t\t<div class=\"elementor-section-wrap\">\n\t\t\t\t\t\t\t<section class=\"elementor-section elementor-top-section elementor-element elementor-element-5951ad3 elementor-section-boxed elementor-section-height-default elementor-section-height-default\" data-id=\"5951ad3\" data-element_type=\"section\">\n\t\t\t\t\t\t<div class=\"elementor-container elementor-column-gap-default\">\n\t\t\t\t\t\t\t<div class=\"elementor-row\">\n\t\t\t\t\t<div class=\"elementor-column elementor-col-100 elementor-top-column elementor-element elementor-element-949ee34\" data-id=\"949ee34\" data-element_type=\"column\">\n\t\t\t<div class=\"elementor-column-wrap elementor-element-populated\">\n\t\t\t\t\t\t\t<div class=\"elementor-widget-wrap\">\n\t\t\t\t\t\t<div class=\"elementor-element elementor-element-ef93928 elementor-widget elementor-widget-spacer\" data-id=\"ef93928\" data-element_type=\"widget\" data-widget_type=\"spacer.default\">\n\t\t\t\t<div class=\"elementor-widget-container\">\n\t\t\t\t\t<div class=\"elementor-spacer\">\n\t\t\t<div class=\"elementor-spacer-inner\"><\/div>\n\t\t<\/div>\n\t\t\t\t<\/div>\n\t\t\t\t<\/div>\n\t\t\t\t\t\t<\/div>\n\t\t\t\t\t<\/div>\n\t\t<\/div>\n\t\t\t\t\t\t\t\t<\/div>\n\t\t\t\t\t<\/div>\n\t\t<\/section>\n\t\t\t\t<section class=\"elementor-section elementor-top-section elementor-element elementor-element-0417c24 elementor-section-boxed elementor-section-height-default elementor-section-height-default\" data-id=\"0417c24\" data-element_type=\"section\">\n\t\t\t\t\t\t<div class=\"elementor-container elementor-column-gap-default\">\n\t\t\t\t\t\t\t<div class=\"elementor-row\">\n\t\t\t\t\t<div class=\"elementor-column elementor-col-100 elementor-top-column elementor-element elementor-element-be68a54\" data-id=\"be68a54\" data-element_type=\"column\">\n\t\t\t<div class=\"elementor-column-wrap elementor-element-populated\">\n\t\t\t\t\t\t\t<div class=\"elementor-widget-wrap\">\n\t\t\t\t\t\t<div class=\"elementor-element elementor-element-dfca140 elementor-widget elementor-widget-text-editor\" data-id=\"dfca140\" data-element_type=\"widget\" data-widget_type=\"text-editor.default\">\n\t\t\t\t<div class=\"elementor-widget-container\">\n\t\t\t\t\t<div class=\"elementor-text-editor elementor-clearfix\"><p>LEITBILD<\/p><\/div>\n\t\t\t\t<\/div>\n\t\t\t\t<\/div>\n\t\t\t\t\t\t<\/div>\n\t\t\t\t\t<\/div>\n\t\t<\/div>\n\t\t\t\t\t\t\t\t<\/div>\n\t\t\t\t\t<\/div>\n\t\t<\/section>\n\t\t\t\t<section class=\"elementor-section elementor-top-section elementor-element elementor-element-c3e3c3a elementor-section-boxed elementor-section-height-default elementor-section-height-default\" data-id=\"c3e3c3a\" data-element_type=\"section\">\n\t\t\t\t\t\t<div class=\"elementor-container elementor-column-gap-default\">\n\t\t\t\t\t\t\t<div class=\"elementor-row\">\n\t\t\t\t\t<div class=\"elementor-column elementor-col-100 elementor-top-column elementor-element elementor-element-627382e\" data-id=\"627382e\" data-element_type=\"column\">\n\t\t\t<div class=\"elementor-column-wrap elementor-element-populated\">\n\t\t\t\t\t\t\t<div class=\"elementor-widget-wrap\">\n\t\t\t\t\t\t<div class=\"elementor-element elementor-element-d0fb86b elementor-widget elementor-widget-text-editor\" data-id=\"d0fb86b\" data-element_type=\"widget\" data-widget_type=\"text-editor.default\">\n\t\t\t\t<div class=\"elementor-widget-container\">\n\t\t\t\t\t<div class=\"elementor-text-editor elementor-clearfix\"><\/div>\n\t\t\t\t<\/div>\n\t\t\t\t<\/div>\n\t\t\t\t<div class=\"elementor-element elementor-element-00692b6 elementor-widget elementor-widget-text-editor\" data-id=\"00692b6\" data-element_type=\"widget\" data-widget_type=\"text-editor.default\">\n\t\t\t\t<div class=\"elementor-widget-container\">\n\t\t\t\t\t<div class=\"elementor-text-editor elementor-clearfix\"><p>Hier bist Du richtig, wenn Du ein <strong>Instrument erlernen<\/strong> willst, in einer <strong>Band<\/strong> oder einem <strong>Ensemble<\/strong> spielen m\u00f6chtest und mit <strong>Freude<\/strong> <strong>Musik entdecken<\/strong> willst.<\/p><p>Die Musikschule Klanghaus bietet <strong>Kindern, Jugendlichen, Erwachsenen und Senioren<\/strong> die M\u00f6glichkeit, eine <strong>musische oder t\u00e4nzerische Ausbildung<\/strong> zu erhalten bzw. gef\u00f6rdert zu werden. Interessierte mit und ohne Vorbildung k\u00f6nnen zwischen instrumentalem <strong>Einzel- und Gruppenunterricht<\/strong> w\u00e4hlen. Spa\u00df und Freude beim Lernen sind uns wichtig und f\u00fcr eine m\u00f6gliche Berufsorientierung unverzichtbar.<br \/>Unsere<strong> Lehrer\/innen<\/strong> erm\u00f6glichen aufgrund ihrer <strong>Qualifikation und Erfahrung<\/strong> jedem Sch\u00fcler, sich dem <strong>Laienmusizieren<\/strong> oder der<strong> Berufsvorbereitung<\/strong> zu widmen.<\/p><p>Hierbei hat das <strong>Gemeinschaftsmusizieren<\/strong> bzw. Ensemblespiel in einer unserer Gruppen einen hohen Stellenwert und\u00a0wird von Anfang an praktiziert.<\/p><p>Die Sch\u00fcler erfahren beim Zusammenspiel, wie sich <strong>Konzentration, Kreativit\u00e4t und Teamgeist entwickeln<\/strong> und gef\u00f6rdert werden. Diese und viele weitere positive Nebeneffekte bei der k\u00fcnstlerischen Bet\u00e4tigung begleiten und st\u00e4rken jeden Menschen in verschiedenen Lebenslagen.<br \/>Der Unterricht findet vereinbarungsgem\u00e4\u00df in Einrichtungen wie Kitas, Schulen und Kulturzentren statt. Die <strong>Zusammenarbeit<\/strong> mit diesen <strong>Einrichtungen<\/strong> bietet die <strong>M\u00f6glichkeit des Austausches.<\/strong><\/p><p>Gruppen \/Ensembles oder einzelne Sch\u00fcler k\u00f6nnen sich bei <strong>Veranstaltungen<\/strong> einbringen und so das Angebot der Einrichtung bereichern. Gleichzeitig ist es f\u00fcr die Sch\u00fcler eine M\u00f6glichkeit, bei diesen Auftritten <strong>Erfahrungen<\/strong> zu sammeln und das Erlernte anzuwenden.\u00a0<\/p><p><strong>Jeder Sch\u00fcler wird auf seinem Weg begleitet<\/strong> &#8211; ob er sich auf einen musikalisch-k\u00fcnstlerischen Beruf vorbereitet oder Musik als <strong>sinnvolle Freizeitbesch\u00e4ftigung<\/strong> betrachtet.\u00a0<\/p><p>\u00a0<\/p><\/div>\n\t\t\t\t<\/div>\n\t\t\t\t<\/div>\n\t\t\t\t\t\t<\/div>\n\t\t\t\t\t<\/div>\n\t\t<\/div>\n\t\t\t\t\t\t\t\t<\/div>\n\t\t\t\t\t<\/div>\n\t\t<\/section>\n\t\t\t\t<section class=\"elementor-section elementor-top-section elementor-element elementor-element-84ba12a elementor-section-boxed elementor-section-height-default elementor-section-height-default\" data-id=\"84ba12a\" data-element_type=\"section\">\n\t\t\t\t\t\t<div class=\"elementor-container elementor-column-gap-default\">\n\t\t\t\t\t\t\t<div class=\"elementor-row\">\n\t\t\t\t\t<div class=\"elementor-column elementor-col-100 elementor-top-column elementor-element elementor-element-12c04ab\" data-id=\"12c04ab\" data-element_type=\"column\">\n\t\t\t<div class=\"elementor-column-wrap elementor-element-populated\">\n\t\t\t\t\t\t\t<div class=\"elementor-widget-wrap\">\n\t\t\t\t\t\t<div class=\"elementor-element elementor-element-6b4b270 elementor-widget elementor-widget-spacer\" data-id=\"6b4b270\" data-element_type=\"widget\" data-widget_type=\"spacer.default\">\n\t\t\t\t<div class=\"elementor-widget-container\">\n\t\t\t\t\t<div class=\"elementor-spacer\">\n\t\t\t<div class=\"elementor-spacer-inner\"><\/div>\n\t\t<\/div>\n\t\t\t\t<\/div>\n\t\t\t\t<\/div>\n\t\t\t\t\t\t<\/div>\n\t\t\t\t\t<\/div>\n\t\t<\/div>\n\t\t\t\t\t\t\t\t<\/div>\n\t\t\t\t\t<\/div>\n\t\t<\/section>\n\t\t\t\t<section class=\"elementor-section elementor-top-section elementor-element elementor-element-6218e5a elementor-section-boxed elementor-section-height-default elementor-section-height-default\" data-id=\"6218e5a\" data-element_type=\"section\">\n\t\t\t\t\t\t<div class=\"elementor-container elementor-column-gap-default\">\n\t\t\t\t\t\t\t<div class=\"elementor-row\">\n\t\t\t\t\t<div class=\"elementor-column elementor-col-33 elementor-top-column elementor-element elementor-element-e2bba93 elementor-hidden-tablet elementor-hidden-phone\" data-id=\"e2bba93\" data-element_type=\"column\">\n\t\t\t<div class=\"elementor-column-wrap elementor-element-populated\">\n\t\t\t\t\t\t\t<div class=\"elementor-widget-wrap\">\n\t\t\t\t\t\t<div class=\"elementor-element elementor-element-7479d83 elementor-hidden-tablet elementor-hidden-phone elementor-widget elementor-widget-image\" data-id=\"7479d83\" data-element_type=\"widget\" data-widget_type=\"image.default\">\n\t\t\t\t<div class=\"elementor-widget-container\">\n\t\t\t\t\t<div class=\"elementor-image\">\n\t\t\t\t\t\t\t\t\t\t<img width=\"750\" height=\"500\" src=\"https:\/\/www.klanghausmusikschule.de\/wp-content\/uploads\/2020\/11\/Erik-kl1MG_6539.jpg\" class=\"attachment-medium_large size-medium_large\" alt=\"\" decoding=\"async\" loading=\"lazy\" srcset=\"https:\/\/www.klanghausmusikschule.de\/wp-content\/uploads\/2020\/11\/Erik-kl1MG_6539.jpg 750w, https:\/\/www.klanghausmusikschule.de\/wp-content\/uploads\/2020\/11\/Erik-kl1MG_6539-300x200.jpg 300w\" sizes=\"(max-width: 750px) 100vw, 750px\" \/>\t\t\t\t\t\t\t\t\t\t\t<\/div>\n\t\t\t\t<\/div>\n\t\t\t\t<\/div>\n\t\t\t\t\t\t<\/div>\n\t\t\t\t\t<\/div>\n\t\t<\/div>\n\t\t\t\t<div class=\"elementor-column elementor-col-33 elementor-top-column elementor-element elementor-element-30f88dc\" data-id=\"30f88dc\" data-element_type=\"column\">\n\t\t\t<div class=\"elementor-column-wrap elementor-element-populated\">\n\t\t\t\t\t\t\t<div class=\"elementor-widget-wrap\">\n\t\t\t\t\t\t<div class=\"elementor-element elementor-element-d757e8c elementor-hidden-tablet elementor-hidden-phone elementor-widget elementor-widget-image\" data-id=\"d757e8c\" data-element_type=\"widget\" data-widget_type=\"image.default\">\n\t\t\t\t<div class=\"elementor-widget-container\">\n\t\t\t\t\t<div class=\"elementor-image\">\n\t\t\t\t\t\t\t\t\t\t<img width=\"215\" height=\"143\" src=\"https:\/\/www.klanghausmusikschule.de\/wp-content\/uploads\/2020\/11\/original_37.jpg\" class=\"attachment-medium_large size-medium_large\" alt=\"\" decoding=\"async\" loading=\"lazy\" \/>\t\t\t\t\t\t\t\t\t\t\t<\/div>\n\t\t\t\t<\/div>\n\t\t\t\t<\/div>\n\t\t\t\t\t\t<\/div>\n\t\t\t\t\t<\/div>\n\t\t<\/div>\n\t\t\t\t<div class=\"elementor-column elementor-col-33 elementor-top-column elementor-element elementor-element-866f0b6\" data-id=\"866f0b6\" data-element_type=\"column\">\n\t\t\t<div class=\"elementor-column-wrap elementor-element-populated\">\n\t\t\t\t\t\t\t<div class=\"elementor-widget-wrap\">\n\t\t\t\t\t\t<div class=\"elementor-element elementor-element-972cb46 elementor-widget elementor-widget-image\" data-id=\"972cb46\" data-element_type=\"widget\" data-widget_type=\"image.default\">\n\t\t\t\t<div class=\"elementor-widget-container\">\n\t\t\t\t\t<div class=\"elementor-image\">\n\t\t\t\t\t\t\t\t\t\t<img width=\"1024\" height=\"684\" src=\"https:\/\/www.klanghausmusikschule.de\/wp-content\/uploads\/2020\/10\/Johannes-Rieger-1024x684.jpg\" class=\"attachment-large size-large\" alt=\"\" decoding=\"async\" loading=\"lazy\" srcset=\"https:\/\/www.klanghausmusikschule.de\/wp-content\/uploads\/2020\/10\/Johannes-Rieger-1024x684.jpg 1024w, https:\/\/www.klanghausmusikschule.de\/wp-content\/uploads\/2020\/10\/Johannes-Rieger-300x200.jpg 300w, https:\/\/www.klanghausmusikschule.de\/wp-content\/uploads\/2020\/10\/Johannes-Rieger-768x513.jpg 768w, https:\/\/www.klanghausmusikschule.de\/wp-content\/uploads\/2020\/10\/Johannes-Rieger.jpg 1200w\" sizes=\"(max-width: 1024px) 100vw, 1024px\" \/>\t\t\t\t\t\t\t\t\t\t\t<\/div>\n\t\t\t\t<\/div>\n\t\t\t\t<\/div>\n\t\t\t\t\t\t<\/div>\n\t\t\t\t\t<\/div>\n\t\t<\/div>\n\t\t\t\t\t\t\t\t<\/div>\n\t\t\t\t\t<\/div>\n\t\t<\/section>\n\t\t\t\t<section class=\"elementor-section elementor-top-section elementor-element elementor-element-8fbc10e elementor-section-boxed elementor-section-height-default elementor-section-height-default\" data-id=\"8fbc10e\" data-element_type=\"section\">\n\t\t\t\t\t\t<div class=\"elementor-container elementor-column-gap-default\">\n\t\t\t\t\t\t\t<div class=\"elementor-row\">\n\t\t\t\t\t<div class=\"elementor-column elementor-col-100 elementor-top-column elementor-element elementor-element-6a964e8\" data-id=\"6a964e8\" data-element_type=\"column\">\n\t\t\t<div class=\"elementor-column-wrap elementor-element-populated\">\n\t\t\t\t\t\t\t<div class=\"elementor-widget-wrap\">\n\t\t\t\t\t\t<div class=\"elementor-element elementor-element-7eebee7 elementor-widget elementor-widget-text-editor\" data-id=\"7eebee7\" data-element_type=\"widget\" data-widget_type=\"text-editor.default\">\n\t\t\t\t<div class=\"elementor-widget-container\">\n\t\t\t\t\t<div class=\"elementor-text-editor elementor-clearfix\"><p>Kinder . Jugendliche . Erwachsene . Senioren<\/p><\/div>\n\t\t\t\t<\/div>\n\t\t\t\t<\/div>\n\t\t\t\t\t\t<\/div>\n\t\t\t\t\t<\/div>\n\t\t<\/div>\n\t\t\t\t\t\t\t\t<\/div>\n\t\t\t\t\t<\/div>\n\t\t<\/section>\n\t\t\t\t<section class=\"elementor-section elementor-top-section elementor-element elementor-element-899c07d elementor-section-boxed elementor-section-height-default elementor-section-height-default\" data-id=\"899c07d\" data-element_type=\"section\">\n\t\t\t\t\t\t<div class=\"elementor-container elementor-column-gap-default\">\n\t\t\t\t\t\t\t<div class=\"elementor-row\">\n\t\t\t\t\t<div class=\"elementor-column elementor-col-33 elementor-top-column elementor-element elementor-element-047aedd\" data-id=\"047aedd\" data-element_type=\"column\">\n\t\t\t<div class=\"elementor-column-wrap elementor-element-populated\">\n\t\t\t\t\t\t\t<div class=\"elementor-widget-wrap\">\n\t\t\t\t\t\t<div class=\"elementor-element elementor-element-74ccb47 elementor-widget elementor-widget-image\" data-id=\"74ccb47\" data-element_type=\"widget\" data-widget_type=\"image.default\">\n\t\t\t\t<div class=\"elementor-widget-container\">\n\t\t\t\t\t<div class=\"elementor-image\">\n\t\t\t\t\t\t\t\t\t\t<img width=\"750\" height=\"500\" src=\"https:\/\/www.klanghausmusikschule.de\/wp-content\/uploads\/2020\/11\/Sax-2MG_6518.jpg\" class=\"attachment-large size-large\" alt=\"\" decoding=\"async\" loading=\"lazy\" srcset=\"https:\/\/www.klanghausmusikschule.de\/wp-content\/uploads\/2020\/11\/Sax-2MG_6518.jpg 750w, https:\/\/www.klanghausmusikschule.de\/wp-content\/uploads\/2020\/11\/Sax-2MG_6518-300x200.jpg 300w\" sizes=\"(max-width: 750px) 100vw, 750px\" \/>\t\t\t\t\t\t\t\t\t\t\t<\/div>\n\t\t\t\t<\/div>\n\t\t\t\t<\/div>\n\t\t\t\t\t\t<\/div>\n\t\t\t\t\t<\/div>\n\t\t<\/div>\n\t\t\t\t<div class=\"elementor-column elementor-col-33 elementor-top-column elementor-element elementor-element-6a4404e\" data-id=\"6a4404e\" data-element_type=\"column\">\n\t\t\t<div class=\"elementor-column-wrap elementor-element-populated\">\n\t\t\t\t\t\t\t<div class=\"elementor-widget-wrap\">\n\t\t\t\t\t\t<div class=\"elementor-element elementor-element-3848791 elementor-widget elementor-widget-image\" data-id=\"3848791\" data-element_type=\"widget\" data-widget_type=\"image.default\">\n\t\t\t\t<div class=\"elementor-widget-container\">\n\t\t\t\t\t<div class=\"elementor-image\">\n\t\t\t\t\t\t\t\t\t\t<img width=\"750\" height=\"500\" src=\"https:\/\/www.klanghausmusikschule.de\/wp-content\/uploads\/2020\/10\/MG_6530.jpg\" class=\"attachment-large size-large\" alt=\"\" decoding=\"async\" loading=\"lazy\" srcset=\"https:\/\/www.klanghausmusikschule.de\/wp-content\/uploads\/2020\/10\/MG_6530.jpg 750w, https:\/\/www.klanghausmusikschule.de\/wp-content\/uploads\/2020\/10\/MG_6530-300x200.jpg 300w\" sizes=\"(max-width: 750px) 100vw, 750px\" \/>\t\t\t\t\t\t\t\t\t\t\t<\/div>\n\t\t\t\t<\/div>\n\t\t\t\t<\/div>\n\t\t\t\t\t\t<\/div>\n\t\t\t\t\t<\/div>\n\t\t<\/div>\n\t\t\t\t<div class=\"elementor-column elementor-col-33 elementor-top-column elementor-element elementor-element-5deeca5\" data-id=\"5deeca5\" data-element_type=\"column\">\n\t\t\t<div class=\"elementor-column-wrap elementor-element-populated\">\n\t\t\t\t\t\t\t<div class=\"elementor-widget-wrap\">\n\t\t\t\t\t\t<div class=\"elementor-element elementor-element-9a2fcaa elementor-widget elementor-widget-image\" data-id=\"9a2fcaa\" data-element_type=\"widget\" data-widget_type=\"image.default\">\n\t\t\t\t<div class=\"elementor-widget-container\">\n\t\t\t\t\t<div class=\"elementor-image\">\n\t\t\t\t\t\t\t\t\t\t<img width=\"750\" height=\"500\" src=\"https:\/\/www.klanghausmusikschule.de\/wp-content\/uploads\/2020\/10\/MG_6602.jpg\" class=\"attachment-large size-large\" alt=\"\" decoding=\"async\" loading=\"lazy\" srcset=\"https:\/\/www.klanghausmusikschule.de\/wp-content\/uploads\/2020\/10\/MG_6602.jpg 750w, https:\/\/www.klanghausmusikschule.de\/wp-content\/uploads\/2020\/10\/MG_6602-300x200.jpg 300w\" sizes=\"(max-width: 750px) 100vw, 750px\" \/>\t\t\t\t\t\t\t\t\t\t\t<\/div>\n\t\t\t\t<\/div>\n\t\t\t\t<\/div>\n\t\t\t\t\t\t<\/div>\n\t\t\t\t\t<\/div>\n\t\t<\/div>\n\t\t\t\t\t\t\t\t<\/div>\n\t\t\t\t\t<\/div>\n\t\t<\/section>\n\t\t\t\t<section class=\"elementor-section elementor-top-section elementor-element elementor-element-01b2c24 elementor-section-boxed elementor-section-height-default elementor-section-height-default\" data-id=\"01b2c24\" data-element_type=\"section\">\n\t\t\t\t\t\t<div class=\"elementor-container elementor-column-gap-default\">\n\t\t\t\t\t\t\t<div class=\"elementor-row\">\n\t\t\t\t\t<div class=\"elementor-column elementor-col-100 elementor-top-column elementor-element elementor-element-c07db52\" data-id=\"c07db52\" data-element_type=\"column\">\n\t\t\t<div class=\"elementor-column-wrap elementor-element-populated\">\n\t\t\t\t\t\t\t<div class=\"elementor-widget-wrap\">\n\t\t\t\t\t\t<div class=\"elementor-element elementor-element-1a56ab9 elementor-widget elementor-widget-text-editor\" data-id=\"1a56ab9\" data-element_type=\"widget\" data-widget_type=\"text-editor.default\">\n\t\t\t\t<div class=\"elementor-widget-container\">\n\t\t\t\t\t<div class=\"elementor-text-editor elementor-clearfix\"><p>Gruppen . Bands . Ensembles<\/p><\/div>\n\t\t\t\t<\/div>\n\t\t\t\t<\/div>\n\t\t\t\t\t\t<\/div>\n\t\t\t\t\t<\/div>\n\t\t<\/div>\n\t\t\t\t\t\t\t\t<\/div>\n\t\t\t\t\t<\/div>\n\t\t<\/section>\n\t\t\t\t<section class=\"elementor-section elementor-top-section elementor-element elementor-element-e0b0668 elementor-section-boxed elementor-section-height-default elementor-section-height-default\" data-id=\"e0b0668\" data-element_type=\"section\">\n\t\t\t\t\t\t<div class=\"elementor-container elementor-column-gap-default\">\n\t\t\t\t\t\t\t<div class=\"elementor-row\">\n\t\t\t\t\t<div class=\"elementor-column elementor-col-33 elementor-top-column elementor-element elementor-element-d0e1253\" data-id=\"d0e1253\" data-element_type=\"column\">\n\t\t\t<div class=\"elementor-column-wrap elementor-element-populated\">\n\t\t\t\t\t\t\t<div class=\"elementor-widget-wrap\">\n\t\t\t\t\t\t<div class=\"elementor-element elementor-element-9b96cef elementor-widget elementor-widget-image\" data-id=\"9b96cef\" data-element_type=\"widget\" data-widget_type=\"image.default\">\n\t\t\t\t<div class=\"elementor-widget-container\">\n\t\t\t\t\t<div class=\"elementor-image\">\n\t\t\t\t\t\t\t\t\t\t<img width=\"1024\" height=\"683\" src=\"https:\/\/www.klanghausmusikschule.de\/wp-content\/uploads\/2020\/11\/Buehne-alle-rued-1024x683.png\" class=\"attachment-large size-large\" alt=\"\" decoding=\"async\" loading=\"lazy\" srcset=\"https:\/\/www.klanghausmusikschule.de\/wp-content\/uploads\/2020\/11\/Buehne-alle-rued-1024x683.png 1024w, https:\/\/www.klanghausmusikschule.de\/wp-content\/uploads\/2020\/11\/Buehne-alle-rued-300x200.png 300w, https:\/\/www.klanghausmusikschule.de\/wp-content\/uploads\/2020\/11\/Buehne-alle-rued-768x512.png 768w, https:\/\/www.klanghausmusikschule.de\/wp-content\/uploads\/2020\/11\/Buehne-alle-rued-2048x1365.png 2048w\" sizes=\"(max-width: 1024px) 100vw, 1024px\" \/>\t\t\t\t\t\t\t\t\t\t\t<\/div>\n\t\t\t\t<\/div>\n\t\t\t\t<\/div>\n\t\t\t\t\t\t<\/div>\n\t\t\t\t\t<\/div>\n\t\t<\/div>\n\t\t\t\t<div class=\"elementor-column elementor-col-33 elementor-top-column elementor-element elementor-element-aa053b8\" data-id=\"aa053b8\" data-element_type=\"column\">\n\t\t\t<div class=\"elementor-column-wrap elementor-element-populated\">\n\t\t\t\t\t\t\t<div class=\"elementor-widget-wrap\">\n\t\t\t\t\t\t<div class=\"elementor-element elementor-element-93ecaef elementor-widget elementor-widget-image\" data-id=\"93ecaef\" data-element_type=\"widget\" data-widget_type=\"image.default\">\n\t\t\t\t<div class=\"elementor-widget-container\">\n\t\t\t\t\t<div class=\"elementor-image\">\n\t\t\t\t\t\t\t\t\t\t<img width=\"750\" height=\"500\" src=\"https:\/\/www.klanghausmusikschule.de\/wp-content\/uploads\/2020\/10\/MG_6547.jpg\" class=\"attachment-large size-large\" alt=\"\" decoding=\"async\" loading=\"lazy\" srcset=\"https:\/\/www.klanghausmusikschule.de\/wp-content\/uploads\/2020\/10\/MG_6547.jpg 750w, https:\/\/www.klanghausmusikschule.de\/wp-content\/uploads\/2020\/10\/MG_6547-300x200.jpg 300w\" sizes=\"(max-width: 750px) 100vw, 750px\" \/>\t\t\t\t\t\t\t\t\t\t\t<\/div>\n\t\t\t\t<\/div>\n\t\t\t\t<\/div>\n\t\t\t\t\t\t<\/div>\n\t\t\t\t\t<\/div>\n\t\t<\/div>\n\t\t\t\t<div class=\"elementor-column elementor-col-33 elementor-top-column elementor-element elementor-element-6cf7efa\" data-id=\"6cf7efa\" data-element_type=\"column\">\n\t\t\t<div class=\"elementor-column-wrap elementor-element-populated\">\n\t\t\t\t\t\t\t<div class=\"elementor-widget-wrap\">\n\t\t\t\t\t\t<div class=\"elementor-element elementor-element-53d1df8 elementor-widget elementor-widget-image\" data-id=\"53d1df8\" data-element_type=\"widget\" data-widget_type=\"image.default\">\n\t\t\t\t<div class=\"elementor-widget-container\">\n\t\t\t\t\t<div class=\"elementor-image\">\n\t\t\t\t\t\t\t\t\t\t<img width=\"1024\" height=\"683\" src=\"https:\/\/www.klanghausmusikschule.de\/wp-content\/uploads\/2020\/11\/Djemb-rued-Erw-RS-1024x683.png\" class=\"attachment-large size-large\" alt=\"\" decoding=\"async\" loading=\"lazy\" srcset=\"https:\/\/www.klanghausmusikschule.de\/wp-content\/uploads\/2020\/11\/Djemb-rued-Erw-RS-1024x683.png 1024w, https:\/\/www.klanghausmusikschule.de\/wp-content\/uploads\/2020\/11\/Djemb-rued-Erw-RS-300x200.png 300w, https:\/\/www.klanghausmusikschule.de\/wp-content\/uploads\/2020\/11\/Djemb-rued-Erw-RS-768x512.png 768w, https:\/\/www.klanghausmusikschule.de\/wp-content\/uploads\/2020\/11\/Djemb-rued-Erw-RS-2048x1365.png 2048w\" sizes=\"(max-width: 1024px) 100vw, 1024px\" \/>\t\t\t\t\t\t\t\t\t\t\t<\/div>\n\t\t\t\t<\/div>\n\t\t\t\t<\/div>\n\t\t\t\t\t\t<\/div>\n\t\t\t\t\t<\/div>\n\t\t<\/div>\n\t\t\t\t\t\t\t\t<\/div>\n\t\t\t\t\t<\/div>\n\t\t<\/section>\n\t\t\t\t<section class=\"elementor-section elementor-top-section elementor-element elementor-element-2194463 elementor-section-boxed elementor-section-height-default elementor-section-height-default\" data-id=\"2194463\" data-element_type=\"section\">\n\t\t\t\t\t\t<div class=\"elementor-container elementor-column-gap-default\">\n\t\t\t\t\t\t\t<div class=\"elementor-row\">\n\t\t\t\t\t<div class=\"elementor-column elementor-col-100 elementor-top-column elementor-element elementor-element-21e7771\" data-id=\"21e7771\" data-element_type=\"column\">\n\t\t\t<div class=\"elementor-column-wrap\">\n\t\t\t\t\t\t\t<div class=\"elementor-widget-wrap\">\n\t\t\t\t\t\t\t\t<\/div>\n\t\t\t\t\t<\/div>\n\t\t<\/div>\n\t\t\t\t\t\t\t\t<\/div>\n\t\t\t\t\t<\/div>\n\t\t<\/section>\n\t\t\t\t\t\t<\/div>\n\t\t\t\t\t\t<\/div>\n\t\t\t\t\t<\/div>\n\t\t","protected":false},"excerpt":{"rendered":"<p>LEITBILD Hier bist Du richtig, wenn Du ein Instrument erlernen willst, in einer Band oder einem Ensemble spielen m\u00f6chtest und mit Freude Musik entdecken willst. Die Musikschule Klanghaus bietet Kindern, Jugendlichen, Erwachsenen und Senioren die M\u00f6glichkeit, eine musische oder t\u00e4nzerische Ausbildung zu erhalten bzw. gef\u00f6rdert zu werden. Interessierte mit und ohne Vorbildung k\u00f6nnen zwischen instrumentalem [&hellip;]<\/p>\n","protected":false},"author":1,"featured_media":0,"parent":0,"menu_order":0,"comment_status":"closed","ping_status":"closed","template":"","meta":[],"_links":{"self":[{"href":"https:\/\/www.klanghausmusikschule.de\/Home\/wp-json\/wp\/v2\/pages\/1601"}],"collection":[{"href":"https:\/\/www.klanghausmusikschule.de\/Home\/wp-json\/wp\/v2\/pages"}],"about":[{"href":"https:\/\/www.klanghausmusikschule.de\/Home\/wp-json\/wp\/v2\/types\/page"}],"author":[{"embeddable":true,"href":"https:\/\/www.klanghausmusikschule.de\/Home\/wp-json\/wp\/v2\/users\/1"}],"replies":[{"embeddable":true,"href":"https:\/\/www.klanghausmusikschule.de\/Home\/wp-json\/wp\/v2\/comments?post=1601"}],"version-history":[{"count":34,"href":"https:\/\/www.klanghausmusikschule.de\/Home\/wp-json\/wp\/v2\/pages\/1601\/revisions"}],"predecessor-version":[{"id":1714,"href":"https:\/\/www.klanghausmusikschule.de\/Home\/wp-json\/wp\/v2\/pages\/1601\/revisions\/1714"}],"wp:attachment":[{"href":"https:\/\/www.klanghausmusikschule.de\/Home\/wp-json\/wp\/v2\/media?parent=1601"}],"curies":[{"name":"wp","href":"https:\/\/api.w.org\/{rel}","templated":true}]}}